{"id":207,"date":"2023-07-20T15:05:30","date_gmt":"2023-07-20T14:05:30","guid":{"rendered":"https:\/\/new.uonair.pt\/a-propos\/"},"modified":"2024-06-10T19:58:32","modified_gmt":"2024-06-10T18:58:32","slug":"a-propos","status":"publish","type":"page","link":"https:\/\/uonair.pt\/fr\/a-propos\/","title":{"rendered":"A propos"},"content":{"rendered":"\n<figure class=\"wp-block-pullquote\"><blockquote><p><strong>Notre \u00e9cole est n\u00e9e du d\u00e9sir de transmettre \u00e0 d&rsquo;autres personnes le plaisir et la joie indescriptible du vol libre en parapente.<\/strong><\/p><\/blockquote><\/figure>\n\n<p>Nous avons : <\/p>\n\n<ul class=\"wp-block-list\">\n<li>19 ans d&rsquo;exp\u00e9rience cumul\u00e9e<\/li>\n\n\n\n<li>des centaines de pilotes form\u00e9s<\/li>\n\n\n\n<li>Disponibilit\u00e9 totale et exclusivit\u00e9 pour l&rsquo;enseignement de la modalit\u00e9<\/li>\n<\/ul>\n\n<p>Il est presque impossible d&rsquo;expliquer les sensations et les \u00e9motions que procure le parapente. Tout compte : le sentiment de libert\u00e9, la communion avec la nature, le vol accompagn\u00e9 de mouettes, d&rsquo;aigles ou de vautours, l&rsquo;\u00e9l\u00e9vation du corps et de l&rsquo;esprit, l&rsquo;oubli des soucis en vol, l&rsquo;adr\u00e9naline ressentie en \u00ab\u00a0tirant\u00a0\u00bb sur l&rsquo;aile et en effectuant des man\u0153uvres plus audacieuses, ou tout simplement la convivialit\u00e9 avec des personnes \u00ab\u00a0a\u00e9riennes\u00a0\u00bb&#8230; le parapente, c&rsquo;est tout cela et bien plus encore !<\/p>\n\n<p>Lorsque le fondateur de UonAir a d\u00e9cid\u00e9 de prendre son premier vol il y a plusieurs ann\u00e9es, il ne se doutait pas que sa vie allait basculer. Vingt-cinq ans d&rsquo;informatique et un dipl\u00f4me en anthropologie, conservation de la nature et de la biodiversit\u00e9 ont \u00e9t\u00e9 abandonn\u00e9s. En fait, ce sont les ordinateurs qui ont \u00e9t\u00e9 d\u00e9laiss\u00e9s, car la nature est vraiment notre environnement !<\/p>\n\n<p>Le plaisir de voler s&rsquo;est accompagn\u00e9 d&rsquo;une \u00e9volution naturelle : accumulation d&rsquo;heures de vol et d&rsquo;exp\u00e9rience, progression dans les niveaux de vol et, enfin, instruction.<\/p>\n\n<p>Le plaisir de voler fait partie de l&rsquo;\u00e2me d&rsquo;un instructeur. L&rsquo;autre aspect est le plaisir d&rsquo;enseigner, et ce plaisir, je l&rsquo;ai d\u00e9couvert, est aussi ici. Il ne suffit pas d&rsquo;aimer voler ou d&rsquo;\u00eatre un excellent pilote. Savoir enseigner est l&rsquo;autre \u00e9l\u00e9ment cl\u00e9 du m\u00e9tier d&rsquo;instructeur.<\/p>\n\n<p>\u00catre instructeur et enseigner le pilotage est un plaisir, une responsabilit\u00e9 et peut-\u00eatre une mission. L&rsquo;instructeur est quelqu&rsquo;un qui est pr\u00eat \u00e0 rester au sol et \u00e0 renoncer \u00e0 voler pour le bien de ses \u00e9l\u00e8ves. La compensation consiste \u00e0 \u00ab\u00a0donner des ailes\u00a0\u00bb aux nouveaux pilotes.<\/p>\n\n<p>L&rsquo;accumulation d&rsquo;exp\u00e9rience et les encouragements d&rsquo;innombrables amis dans les airs au fil des ans, combin\u00e9s au plaisir d&rsquo;avoir d\u00e9j\u00e0 form\u00e9 plusieurs pilotes, ont \u00e9t\u00e9 fondamentaux dans la d\u00e9cision de cr\u00e9er UonAir et de me consacrer professionnellement et \u00e0 plein temps \u00e0 la formation de nouveaux pilotes.<\/p>\n\n<p>O ano de 2020 foi absolutamente at\u00edpico devido \u00e0 pandemia. Mas foi tamb\u00e9m o ano em que o meu antigo instrutor e amigo Jos\u00e9 Cardoso se juntou ao projecto. Com um vasto curr\u00edculo desportivo, quer acad\u00e9mico, quer profissional, o Jos\u00e9 j\u00e1 leva 18 anos de forma\u00e7\u00e3o em parapente, com centenas de alunos formados por ele. \u00c0 nossa equipa juntam-se tamb\u00e9m alguns pilotos de bilugar, com forma\u00e7\u00e3o espec\u00edfica para transportar passageiros, ou auxiliares de forma\u00e7\u00e3o de pilotos.<\/p>\n\n<p>J&rsquo;esp\u00e8re \u00eatre digne de continuer \u00e0 recevoir le soutien, l&rsquo;encouragement et l&rsquo;affection d&rsquo;amis et d&rsquo;anciens \u00e9l\u00e8ves dans la mission d&#8217;emmener de plus en plus de gens voler, de la mani\u00e8re la plus belle et la plus libre qui soit : port\u00e9s par une aile de parapente.<\/p>\n","protected":false},"excerpt":{"rendered":"<p>Notre \u00e9cole est n\u00e9e du d\u00e9sir de transmettre \u00e0 d&rsquo;autres personnes le plaisir et la joie indescriptible du vol libre en parapente. Nous avons : Il est presque impossible d&rsquo;expliquer les sensations et les \u00e9motions que procure le parapente. Tout compte : le sentiment de libert\u00e9, la communion avec la nature, le vol accompagn\u00e9 de [&hellip;]<\/p>\n","protected":false},"author":1,"featured_media":551,"parent":0,"menu_order":0,"comment_status":"closed","ping_status":"closed","template":"","meta":{"_monsterinsights_skip_tracking":false,"_monsterinsights_sitenote_active":false,"_monsterinsights_sitenote_note":"","_monsterinsights_sitenote_category":0,"footnotes":""},"class_list":["post-207","page","type-page","status-publish","has-post-thumbnail","hentry"],"aioseo_notices":[],"_links":{"self":[{"href":"https:\/\/uonair.pt\/fr\/wp-json\/wp\/v2\/pages\/207","targetHints":{"allow":["GET"]}}],"collection":[{"href":"https:\/\/uonair.pt\/fr\/wp-json\/wp\/v2\/pages"}],"about":[{"href":"https:\/\/uonair.pt\/fr\/wp-json\/wp\/v2\/types\/page"}],"author":[{"embeddable":true,"href":"https:\/\/uonair.pt\/fr\/wp-json\/wp\/v2\/users\/1"}],"replies":[{"embeddable":true,"href":"https:\/\/uonair.pt\/fr\/wp-json\/wp\/v2\/comments?post=207"}],"version-history":[{"count":2,"href":"https:\/\/uonair.pt\/fr\/wp-json\/wp\/v2\/pages\/207\/revisions"}],"predecessor-version":[{"id":928,"href":"https:\/\/uonair.pt\/fr\/wp-json\/wp\/v2\/pages\/207\/revisions\/928"}],"wp:featuredmedia":[{"embeddable":true,"href":"https:\/\/uonair.pt\/fr\/wp-json\/wp\/v2\/media\/551"}],"wp:attachment":[{"href":"https:\/\/uonair.pt\/fr\/wp-json\/wp\/v2\/media?parent=207"}],"curies":[{"name":"wp","href":"https:\/\/api.w.org\/{rel}","templated":true}]}}