{"id":210,"date":"2023-07-20T15:05:30","date_gmt":"2023-07-20T14:05:30","guid":{"rendered":"https:\/\/new.uonair.pt\/a-propos\/equipe\/"},"modified":"2024-02-02T15:29:56","modified_gmt":"2024-02-02T15:29:56","slug":"equipe","status":"publish","type":"page","link":"https:\/\/uonair.pt\/fr\/a-propos\/equipe\/","title":{"rendered":"L&rsquo;\u00e9quipe"},"content":{"rendered":"\n<h3 class=\"wp-block-heading\">Directeur g\u00e9n\u00e9ral<\/h3>\n\n<div class=\"wp-block-columns is-layout-flex wp-container-core-columns-is-layout-28f84493 wp-block-columns-is-layout-flex\">\n<div class=\"wp-block-column is-layout-flow wp-block-column-is-layout-flow\" style=\"flex-basis:33.33%\">\n<figure class=\"wp-block-image size-full\"><img loading=\"lazy\" decoding=\"async\" width=\"300\" height=\"271\" src=\"https:\/\/uonair.pt\/wp-content\/uploads\/2023\/07\/caldeira-300x271-1.webp\" alt=\"\" class=\"wp-image-117\"\/><\/figure>\n<\/div>\n\n\n\n<div class=\"wp-block-column is-layout-flow wp-block-column-is-layout-flow\" style=\"flex-basis:66.66%\">\n<p>Nom : S\u00e9rgio Caldeira<\/p>\n\n\n\n<p>Date de naissance : 07 avril 1968<\/p>\n\n\n\n<p>Lieu de naissance : Bombarral, district de Leiria<\/p>\n\n\n\n<p>Telem\u00f3vel: <a href=\"tel:+351926760172\">+351 92 676 01 72<\/a><\/p>\n\n\n\n<p>E-mail: <a href=\"mailto:geral@uonair.pt\">geral@uonair.pt<\/a><\/p>\n\n\n\n<p>Adresse: Rua Ant\u00f3nio Aleixo, 261 \u2013 1\u00b0 Esq<br\/>2890-309 S\u00e3o Francisco<br\/>Alcochete \u2013 Portugal<\/p>\n\n\n\n<p>Licence de pilote : PRT71957<\/p>\n<\/div>\n<\/div>\n\n<h4 class=\"wp-block-heading\">Formation acad\u00e9mique<\/h4>\n\n<ul class=\"wp-block-list\">\n<li>Dipl\u00f4me en anthropologie de la facult\u00e9 des sciences sociales et humaines de l&rsquo;Universidade Nova de Lisboa, 2007 &#8211; 202010.<\/li>\n\n\n\n<li>Dipl\u00f4me d&rsquo;anthropologie, dans le domaine de la nature, de la conservation et de la biodiversit\u00e9, Facult\u00e9 des sciences sociales et humaines, Universit\u00e9 nouvelle de Lisbonne, 2011.<\/li>\n<\/ul>\n\n<h4 class=\"wp-block-heading\">Entra\u00eenement sportif en vol libre<\/h4>\n\n<h5 class=\"wp-block-heading\">Modalit\u00e9 du parapente<\/h5>\n\n<p>2007<\/p>\n\n<ul class=\"wp-block-list\">\n<li>Cours de pilote de parapente niveau 1<\/li>\n<\/ul>\n\n<p>2008<\/p>\n\n<ul class=\"wp-block-list\">\n<li>Stage de niveau 2 de pilote de parapente (anciennement stage de niveau 4)<\/li>\n\n\n\n<li>12 stages de pilotage thermique organis\u00e9s par l&rsquo;\u00e9cole du Wind\n<ul class=\"wp-block-list\">\n<li>Serra da Estrela (Azinha\/Vale de Amoreia, Linhares da Beira), Larouco, Algodonales, Castelo de Vide, Mirandela, Serra de Aires e Candeiros, Algarve, Costa Vicentina, Pedro Bernardo, Piedrahita, Oludeniz (Turquia).<\/li>\n<\/ul>\n<\/li>\n<\/ul>\n\n<p>2010<\/p>\n\n<ul class=\"wp-block-list\">\n<li>Stage de simulation d&rsquo;incidents de vol en Turquie (Oludeinz\/Babadag).\n<ul class=\"wp-block-list\">\n<li>Test des effondrements frontales, des effondrement asym\u00e9triques, des parachutage\/B, des Spirales.<\/li>\n<\/ul>\n<\/li>\n<\/ul>\n\n<p>2013<\/p>\n\n<ul class=\"wp-block-list\">\n<li>Approbation de la licence de pilote, cours de pilote biplace,\n<ul class=\"wp-block-list\">\n<li>Des centaines de vols biplaces ont \u00e9t\u00e9 effectu\u00e9s \u00e0 ce jour.<\/li>\n<\/ul>\n<\/li>\n<\/ul>\n\n<p>2014<\/p>\n\n<ul class=\"wp-block-list\">\n<li>Cours d&rsquo;instructeur dispens\u00e9 par le FPVL<\/li>\n<\/ul>\n\n<p>2014 \u00e0 aujourd&rsquo;hui<\/p>\n\n<ul class=\"wp-block-list\">\n<li>Moniteur de parapente. Formation th\u00e9orique et pratique des \u00e9tudiants \u00e0 diff\u00e9rents niveaux : niveau I, niveau II et pilotes tandem. Diverses \u00e9tapes de vols thermiques en montagne et XC.\n<ul class=\"wp-block-list\">\n<li>Des centaines d&rsquo;heures de vol ont \u00e9t\u00e9 accumul\u00e9es.<\/li>\n\n\n\n<li>Des centaines d&rsquo;heures de formation ont \u00e9t\u00e9 accumul\u00e9es.<\/li>\n<\/ul>\n<\/li>\n<\/ul>\n\n<h4 class=\"wp-block-heading\">Exp\u00e9rience de vol<\/h4>\n\n<h6 class=\"wp-block-heading\">Vol de plage\/de falaise<\/h6>\n\n<ul class=\"wp-block-list\">\n<li>Arr\u00e1bida, costa Alentejana, Algarve, Nazar\u00e9, Bicas\/Meco\/Cabo Espichel, Sesimbra, Fonte da Telha, Santa Rita, Aguda, praia Azul e Praia Grande.<\/li>\n<\/ul>\n\n<h6 class=\"wp-block-heading\">Exp\u00e9rience de vol en montagne<\/h6>\n\n<ul class=\"wp-block-list\">\n<li>Azinha\/Vale de Amoreira, Linhares da Beira, Larouco, Castelo de Vide, Mirandela, Serra de Aire e Candeiros, Alcaria Ru\u00edva e Algodonales, Piedrahita.\n<ul class=\"wp-block-list\">\n<li>Plusieurs vols longue distance en XC (cross country) \u00e0 diff\u00e9rents endroits (Castelo de Vide, Azinha, Linhares da Beira, Mirandela).<\/li>\n<\/ul>\n<\/li>\n<\/ul>\n\n<h3 class=\"wp-block-heading\">Gestion technique<\/h3>\n\n<div class=\"wp-block-columns is-layout-flex wp-container-core-columns-is-layout-28f84493 wp-block-columns-is-layout-flex\">\n<div class=\"wp-block-column is-layout-flow wp-block-column-is-layout-flow\" style=\"flex-basis:33.33%\">\n<figure class=\"wp-block-image size-full\"><img loading=\"lazy\" decoding=\"async\" width=\"300\" height=\"300\" src=\"https:\/\/uonair.pt\/wp-content\/uploads\/2023\/07\/jose_cardoso-300x300.jpg.webp\" alt=\"\" class=\"wp-image-119\" srcset=\"https:\/\/uonair.pt\/wp-content\/uploads\/2023\/07\/jose_cardoso-300x300.jpg.webp 300w, https:\/\/uonair.pt\/wp-content\/uploads\/2023\/07\/jose_cardoso-300x300.jpg-100x100.webp 100w, https:\/\/uonair.pt\/wp-content\/uploads\/2023\/07\/jose_cardoso-300x300.jpg-150x150.webp 150w\" sizes=\"auto, (max-width: 300px) 100vw, 300px\" \/><\/figure>\n<\/div>\n\n\n\n<div class=\"wp-block-column is-layout-flow wp-block-column-is-layout-flow\" style=\"flex-basis:66.66%\">\n<p>Nom : Jos\u00e9 Carlos Santos Cardoso<\/p>\n\n\n\n<p>Date de naissance : 27-05-1977<\/p>\n\n\n\n<p>Lieu de naissance : Lisbonne<\/p>\n\n\n\n<p>Telem\u00f3vel: <a href=\"tel:+351926760172\"><strong>+351 913187917<\/strong><\/a><\/p>\n\n\n\n<p>E-mail: <a href=\"mailto:geral@uonair.pt\"><strong>josecardoso@uonair.pt<\/strong><\/a><\/p>\n\n\n\n<p>Adresse : Quinta Belmonte, CCI 8604 Penteado, 2860-307 &#8211; Moita<\/p>\n\n\n\n<p>Licence de pilote : PRT71583<\/p>\n<\/div>\n<\/div>\n\n<h4 class=\"wp-block-heading\">Formation acad\u00e9mique<\/h4>\n\n<ul class=\"wp-block-list\">\n<li>Licence en Sciences du Sport &#8211; Mention Management du Sport par la Facult\u00e9 de Motricit\u00e9 Humaine, 1998 &#8211; 2002.<\/li>\n\n\n\n<li>Projet de travail r\u00e9alis\u00e9 dans le domaine du marketing (conception d&rsquo;une brochure pour la collecte de fonds).<\/li>\n\n\n\n<li>3 ans de formation professionnelle dans le domaine du sport, dans l&rsquo;enseignement compl\u00e9mentaire (10e, 11e et 12e ann\u00e9e), avec une moyenne finale de 13 valeurs.<\/li>\n<\/ul>\n\n<h5 class=\"wp-block-heading\">Cours suppl\u00e9mentaires<\/h5>\n\n<ul class=\"wp-block-list\">\n<li>Cours de formation professionnelle pour la formation p\u00e9dagogique initiale des formateurs, avec une charge de travail de 92 heures.<\/li>\n\n\n\n<li>Cours de formation professionnelle pour les animateurs d&rsquo;activit\u00e9s sportives d&rsquo;aventure, avec une charge de travail de 376 heures.<\/li>\n\n\n\n<li> Cours d&rsquo;instructeur de parapente &#8211; Titre d&rsquo;instructeur national &#8211; Qualification obtenue par la F\u00e9d\u00e9ration portugaise de vol libre.<\/li>\n<\/ul>\n\n<h3 class=\"wp-block-heading\">\u00a0<\/h3>\n\n<h4 class=\"wp-block-heading\">Exp\u00e9rience sportive dans les sports d&rsquo;aventure<\/h4>\n\n<p>Parapentiste r\u00e9gulier (falaise, thermique et vol Bilugar) depuis janvier 2004.<\/p>\n\n<h3 class=\"wp-block-heading\">\u00a0<\/h3>\n\n<h4 class=\"wp-block-heading\">Exp\u00e9rience professionnelle Sports d&rsquo;aventure<\/h4>\n\n<ul class=\"wp-block-list\">\n<li> D&rsquo;avril 2004 \u00e0 ao\u00fbt 2020 Assistant et moniteur de parapente, directeur sportif, administratif et moniteur\/technicien d&rsquo;activit\u00e9s d&rsquo;aventure et de nature &#8211; alpinisme, escalade, rappel, trekking, cano\u00eb-kayak, canoraft, rafting.<\/li>\n\n\n\n<li> Depuis septembre 2020, instructeur de parapente et directeur technique de l&rsquo;\u00e9cole de parapente UonAir.<\/li>\n\n\n\n<li> Conception, organisation et bilan de plusieurs \u00e9v\u00e9nements (loisir et comp\u00e9tition) et stages au niveau national et international, dans la modalit\u00e9 du parapente, en soulignant parmi eux :<\/li>\n\n\n\n<li>Championnats nationaux de parapente entre 2006 et 2019 sur une base continue.<\/li>\n\n\n\n<li>2 courses de cross-country XC World Series au Portugal<\/li>\n\n\n\n<li>1 course de la PGAWC &#8211; Coupe du monde de pr\u00e9cision en parapente<\/li>\n\n\n\n<li>7 Coupes du monde de parapente, organis\u00e9es au Portugal (PWC &#8211; Paragliding World Cup) entre 2010 et 2019<\/li>\n\n\n\n<li>Championnat europ\u00e9en de parapente \u00e0 Montalegre &#8211; Portugal en 2018.<\/li>\n\n\n\n<li>Stages et vacances en avion de 2006 \u00e0 2019 sur une base continue, entre diff\u00e9rents pays tels que le Portugal, l&rsquo;Espagne, la France, l&rsquo;Italie, la Turquie ou l&rsquo;Allemagne.<\/li>\n<\/ul>\n\n<h3 class=\"wp-block-heading\">Assistance technique<\/h3>\n\n<div class=\"wp-block-columns is-layout-flex wp-container-core-columns-is-layout-28f84493 wp-block-columns-is-layout-flex\">\n<div class=\"wp-block-column is-layout-flow wp-block-column-is-layout-flow\" style=\"flex-basis:33.33%\">\n<figure class=\"wp-block-image size-full\"><img loading=\"lazy\" decoding=\"async\" width=\"271\" height=\"300\" src=\"https:\/\/uonair.pt\/wp-content\/uploads\/2023\/07\/imagem-271x300.png.webp\" alt=\"\" class=\"wp-image-121\"\/><\/figure>\n<\/div>\n\n\n\n<div class=\"wp-block-column is-layout-flow wp-block-column-is-layout-flow\" style=\"flex-basis:66.66%\">\n<p>Nom : Luiz Carlos de Oliveira Santos<\/p>\n\n\n\n<p>Date de naissance : 03-02-1973<\/p>\n\n\n\n<p>Lieu de naissance : Br\u00e9sil<\/p>\n\n\n\n<p>Telem\u00f3vel: <a href=\"tel:+351926760172\"><strong>+351 911801973<\/strong><\/a><\/p>\n\n\n\n<p>E-mail: <a href=\"mailto:geral@uonair.pt\"><strong>assist@uonair.pt<\/strong><\/a><\/p>\n\n\n\n<p> Adresse : Rua padre Sena de Freitas n\u00ba24 2\u00badto ; penha de Fran\u00e7a, Lisboa<\/p>\n\n\n\n<p>Licence de pilote : PRT72907<\/p>\n<\/div>\n<\/div>\n\n<h4 class=\"wp-block-heading\">Formation acad\u00e9mique<\/h4>\n\n<ul class=\"wp-block-list\">\n<li>Ing\u00e9nierie m\u00e9canique<br\/>Thermodynamique \u25aa \u00c9lectricit\u00e9 et \u00e9lectronique, Pneumatique, Hydraulique<br\/>Conception et projets<br\/>M\u00e9trologie, contr\u00f4le de la qualit\u00e9<br\/>Projets, inspections et maintenance dans le domaine m\u00e9canique, industriel et structurel<br\/>Ing\u00e9nieur en m\u00e9canique<br\/>1988 A 1991<br\/><br\/>IDORT INSTITUTO DE ORIENTA\u00c7\u00c3O RACIONAL DO TRABALHO BRASIL<br\/>bonnes techniques de service \u00e0 la client\u00e8le, dynamique de groupe, r\u00e8gles et lois relatives \u00e0 la consommation<br\/>D\u00e9veloppement professionnel<br\/>Qualit\u00e9 du service au public<\/li>\n<\/ul>\n\n<h5 class=\"wp-block-heading\">Cours suppl\u00e9mentaires<\/h5>\n\n<ul class=\"wp-block-list\">\n<li>Cours de pilote de parapente niveau 1 &#8211; 2021<\/li>\n\n\n\n<li> Formation de pilote de niveau 2 &#8211; 2022<\/li>\n\n\n\n<li>Technicien de maintenance des \u00e9quipements de vol libre : ouverture et pliage des parachutes (calotte et rogallo).<\/li>\n<\/ul>\n\n<p>Contr\u00f4le g\u00e9n\u00e9ral des ailes de parapente.<\/p>\n","protected":false},"excerpt":{"rendered":"<p>Directeur g\u00e9n\u00e9ral Nom : S\u00e9rgio Caldeira Date de naissance : 07 avril 1968 Lieu de naissance : Bombarral, district de Leiria Telem\u00f3vel: +351 92 676 01 72 E-mail: geral@uonair.pt Adresse: Rua Ant\u00f3nio Aleixo, 261 \u2013 1\u00b0 Esq2890-309 S\u00e3o FranciscoAlcochete \u2013 Portugal Licence de pilote : PRT71957 Formation acad\u00e9mique Entra\u00eenement sportif en vol libre Modalit\u00e9 du [&hellip;]<\/p>\n","protected":false},"author":1,"featured_media":551,"parent":207,"menu_order":0,"comment_status":"closed","ping_status":"closed","template":"","meta":{"_monsterinsights_skip_tracking":false,"_monsterinsights_sitenote_active":false,"_monsterinsights_sitenote_note":"","_monsterinsights_sitenote_category":0,"footnotes":""},"class_list":["post-210","page","type-page","status-publish","has-post-thumbnail","hentry"],"aioseo_notices":[],"_links":{"self":[{"href":"https:\/\/uonair.pt\/fr\/wp-json\/wp\/v2\/pages\/210","targetHints":{"allow":["GET"]}}],"collection":[{"href":"https:\/\/uonair.pt\/fr\/wp-json\/wp\/v2\/pages"}],"about":[{"href":"https:\/\/uonair.pt\/fr\/wp-json\/wp\/v2\/types\/page"}],"author":[{"embeddable":true,"href":"https:\/\/uonair.pt\/fr\/wp-json\/wp\/v2\/users\/1"}],"replies":[{"embeddable":true,"href":"https:\/\/uonair.pt\/fr\/wp-json\/wp\/v2\/comments?post=210"}],"version-history":[{"count":0,"href":"https:\/\/uonair.pt\/fr\/wp-json\/wp\/v2\/pages\/210\/revisions"}],"up":[{"embeddable":true,"href":"https:\/\/uonair.pt\/fr\/wp-json\/wp\/v2\/pages\/207"}],"wp:featuredmedia":[{"embeddable":true,"href":"https:\/\/uonair.pt\/fr\/wp-json\/wp\/v2\/media\/551"}],"wp:attachment":[{"href":"https:\/\/uonair.pt\/fr\/wp-json\/wp\/v2\/media?parent=210"}],"curies":[{"name":"wp","href":"https:\/\/api.w.org\/{rel}","templated":true}]}}