{"id":220,"date":"2023-06-10T18:32:32","date_gmt":"2023-06-10T17:32:32","guid":{"rendered":"https:\/\/new.uonair.pt\/?page_id=220"},"modified":"2024-02-02T15:23:07","modified_gmt":"2024-02-02T15:23:07","slug":"politique-de-confidentialite","status":"publish","type":"page","link":"https:\/\/uonair.pt\/fr\/politique-de-confidentialite\/","title":{"rendered":"Politique de confidentialit\u00e9"},"content":{"rendered":"\n<h2 class=\"wp-block-heading\">Qui sommes-nous ?<\/h2>\n\n<figure class=\"wp-block-image aligncenter size-large is-resized\"><img loading=\"lazy\" decoding=\"async\" width=\"267\" height=\"414\" src=\"https:\/\/uonair.pt\/wp-content\/uploads\/2023\/11\/uonair.svg\" alt=\"\" class=\"wp-image-277\" style=\"width:114px;height:auto\"\/><\/figure>\n\n<p>L&rsquo;adresse de notre site web est la suivante : http:\/\/uonair.pt<\/p>\n\n<h2 class=\"wp-block-heading\">Quelles sont les donn\u00e9es \u00e0 caract\u00e8re personnel collect\u00e9es et comment sont-elles collect\u00e9es ?<\/h2>\n\n<h3 class=\"wp-block-heading\">Commentaires<\/h3>\n\n<p>Lorsque les visiteurs laissent des commentaires sur le site, les donn\u00e9es contenues dans le formulaire de commentaire sont enregistr\u00e9es, ainsi que l&rsquo;adresse IP et l&rsquo;agent utilisateur du navigateur, afin de faciliter la d\u00e9tection des spams.<\/p>\n\n<p>Une cha\u00eene anonyme cr\u00e9\u00e9e \u00e0 partir de votre adresse \u00e9lectronique (\u00e9galement appel\u00e9e \u00ab\u00a0hash\u00a0\u00bb) peut \u00eatre envoy\u00e9e au service Gravatar pour v\u00e9rifier que vous l&rsquo;utilisez. La politique de confidentialit\u00e9 du service Gravatar est disponible ici : https:\/\/automattic.com\/privacy\/. Une fois votre commentaire approuv\u00e9, votre photo de profil est visible par le public dans le contexte de votre commentaire.<\/p>\n\n<h3 class=\"wp-block-heading\">Multim\u00e9dia<\/h3>\n\n<p>Lorsque vous t\u00e9l\u00e9chargez des images sur le site, vous devez \u00e9viter de t\u00e9l\u00e9charger des images contenant des donn\u00e9es de g\u00e9olocalisation (EXIF GPS). Les visiteurs peuvent t\u00e9l\u00e9charger et extraire des donn\u00e9es de g\u00e9olocalisation \u00e0 partir des images du site.<\/p>\n\n<h3 class=\"wp-block-heading\">Formulaires de contact<\/h3>\n\n<p>Vous pouvez nous contacter via le lien suivant : https:\/\/www.uonair.pt\/contactos<\/p>\n\n<h3 class=\"wp-block-heading\">Cookies<\/h3>\n\n<p>Si vous laissez un commentaire sur notre site, vous pouvez choisir que votre nom, votre adresse \u00e9lectronique et votre site web soient stock\u00e9s dans des cookies. C&rsquo;est pour votre commodit\u00e9, afin que vous n&rsquo;ayez pas \u00e0 remplir \u00e0 nouveau vos coordonn\u00e9es lorsque vous laissez un autre commentaire. Ces biscuits se conservent pendant un an.<\/p>\n\n<p>Si vous avez un compte et que vous vous connectez \u00e0 ce site, un cookie temporaire sera install\u00e9 pour d\u00e9terminer si votre navigateur accepte les cookies. Ce cookie ne contient pas de donn\u00e9es personnelles et sera supprim\u00e9 lorsque vous fermerez votre navigateur.<\/p>\n\n<p>Lorsque vous vous connectez, certains cookies sont install\u00e9s pour stocker vos informations de session et vos choix d&rsquo;affichage \u00e0 l&rsquo;\u00e9cran. Les biscuits Login se conservent pendant un an. Si vous s\u00e9lectionnez \u00ab\u00a0Se souvenir de moi\u00a0\u00bb, votre session sera maintenue pendant une quinzaine de jours. \u00c0 la fin de la session, les cookies de connexion sont supprim\u00e9s.<\/p>\n\n<p>Si vous modifiez ou publiez un article, un cookie suppl\u00e9mentaire sera stock\u00e9 dans votre navigateur. Ce cookie ne contient pas de donn\u00e9es personnelles, il indique simplement l&rsquo;identifiant du contenu de l&rsquo;article que vous venez d&rsquo;\u00e9diter. Expire apr\u00e8s 1 jour.<\/p>\n\n<h3 class=\"wp-block-heading\">Contenu int\u00e9gr\u00e9 d&rsquo;autres sites<\/h3>\n\n<p>Les articles de ce site peuvent contenir du contenu int\u00e9gr\u00e9 (par exemple des vid\u00e9os, des images, des articles, etc.). Le contenu int\u00e9gr\u00e9 provenant d&rsquo;autres sites se comporte comme si l&rsquo;utilisateur visitait ces sites.<\/p>\n\n<p>Ce site peut collecter des donn\u00e9es vous concernant, utiliser des cookies, int\u00e9grer le suivi de tiers, surveiller vos interactions avec lui, y compris l&rsquo;enregistrement des interactions avec le contenu int\u00e9gr\u00e9 si vous avez un compte et que vous \u00eates connect\u00e9 \u00e0 ce site.<\/p>\n\n<h3 class=\"wp-block-heading\">Donn\u00e9es analytiques<\/h3>\n\n<h2 class=\"wp-block-heading\">Avec qui vos donn\u00e9es sont-elles partag\u00e9es ?<\/h2>\n\n<p>UonAir &#8211; \u00c9cole de parapente ne partage pas ses donn\u00e9es avec des tiers.<\/p>\n\n<h2 class=\"wp-block-heading\">Dur\u00e9e de conservation des donn\u00e9es<\/h2>\n\n<p>Si vous laissez un commentaire, celui-ci et ses m\u00e9tadonn\u00e9es sont sauvegard\u00e9s ind\u00e9finiment. Cela vous permet de reconna\u00eetre et d&rsquo;approuver automatiquement les commentaires suivants, plut\u00f4t que de les placer dans une file d&rsquo;attente de mod\u00e9ration.<\/p>\n\n<p>Pour les utilisateurs qui s&rsquo;inscrivent sur notre site (le cas \u00e9ch\u00e9ant), nous stockons les informations personnelles fournies dans leur profil d&rsquo;utilisateur. Tous les utilisateurs peuvent consulter, modifier ou supprimer leurs informations personnelles \u00e0 tout moment (\u00e0 l&rsquo;exception du fait qu&rsquo;ils ne peuvent pas changer leur nom d&rsquo;utilisateur). Les administrateurs du site peuvent \u00e9galement consulter et modifier ces informations.<\/p>\n\n<h2 class=\"wp-block-heading\">Quels sont les droits dont vous disposez sur vos donn\u00e9es ?<\/h2>\n\n<p>Si vous avez un compte sur ce site, ou si vous avez laiss\u00e9 des commentaires, vous pouvez demander \u00e0 recevoir un fichier d&rsquo;exportation contenant les donn\u00e9es personnelles stock\u00e9es \u00e0 votre sujet, y compris les donn\u00e9es personnelles que vous avez indiqu\u00e9es. Vous pouvez \u00e9galement demander que les donn\u00e9es stock\u00e9es soient rectifi\u00e9es, que leur utilisation soit limit\u00e9e ou qu&rsquo;elles soient effac\u00e9es. Cela n&rsquo;inclut pas les donn\u00e9es \u00e0 caract\u00e8re personnel dont la conservation est requise \u00e0 des fins administratives, juridiques ou de s\u00e9curit\u00e9. Le client a \u00e9galement le droit de s&rsquo;opposer au traitement et\/ou \u00e0 la portabilit\u00e9 des donn\u00e9es. Le client peut \u00e0 tout moment mettre \u00e0 jour ou retirer son consentement \u00e0 l&rsquo;utilisation de ses donn\u00e9es personnelles \u00e0 des fins de marketing.<\/p>\n\n<h2 class=\"wp-block-heading\">O\u00f9 vos donn\u00e9es sont-elles envoy\u00e9es ?<\/h2>\n\n<p>Les commentaires des visiteurs peuvent \u00eatre v\u00e9rifi\u00e9s par un service de d\u00e9tection automatique des spams.<\/p>\n\n<h2 class=\"wp-block-heading\">Vos coordonn\u00e9es<\/h2>\n\n<p>Pour exercer votre droit de rectification, de limitation, de mise \u00e0 jour des donn\u00e9es ou pour exprimer votre droit \u00e0 l&rsquo;oubli, veuillez nous contacter via le lien suivant : http:\/\/uonair.pt\/contactos\/ ou par e-mail : geral@uonair.pt.<\/p>\n\n<p><blockquote class=\"wp-embedded-content\" data-secret=\"ndyNLd61C0\"><a href=\"https:\/\/uonair.pt\/fr\/a-propos\/contacts\/\">Contact<\/a><\/blockquote><iframe loading=\"lazy\" class=\"wp-embedded-content\" sandbox=\"allow-scripts\" security=\"restricted\" style=\"position: absolute; clip: rect(1px, 1px, 1px, 1px);\" title=\"&#8220;Contact&#8221; &#8212; UonAir - Loja\" src=\"https:\/\/uonair.pt\/fr\/a-propos\/contacts\/embed\/#?secret=S3JY0hJLZY#?secret=ndyNLd61C0\" data-secret=\"ndyNLd61C0\" width=\"500\" height=\"282\" frameborder=\"0\" marginwidth=\"0\" marginheight=\"0\" scrolling=\"no\"><\/iframe><\/p>\n\n<h2 class=\"wp-block-heading\">Informations compl\u00e9mentaires<\/h2>\n\n<h3 class=\"wp-block-heading\">Comment vos donn\u00e9es sont-elles prot\u00e9g\u00e9es ?<\/h3>\n\n<p>Vos informations sont conserv\u00e9es sur un serveur externe que nous consid\u00e9rons comme un environnement bien prot\u00e9g\u00e9. Nous prenons toutes les mesures n\u00e9cessaires pour veiller \u00e0 ce que cet environnement reste bien prot\u00e9g\u00e9. UonAir peut modifier cette politique de confidentialit\u00e9 \u00e0 tout moment.<\/p>\n\n<h3 class=\"wp-block-heading\">Proc\u00e9dures envisag\u00e9es en cas de violation de donn\u00e9es<\/h3>\n\n<p>Nous prenons tr\u00e8s au s\u00e9rieux la s\u00e9curit\u00e9 et la confidentialit\u00e9 de vos donn\u00e9es, mais en cas de violation, nous vous contacterons et vous expliquerons la faute.<\/p>\n\n<h3 class=\"wp-block-heading\">Quels sont les tiers qui nous fournissent des donn\u00e9es ?<\/h3>\n\n<p>Ce site contient des liens vers d&rsquo;autres sites. Le pr\u00e9sent avis de confidentialit\u00e9 ne s&rsquo;applique qu&rsquo;\u00e0 ce site web. Vous devez lire les politiques de confidentialit\u00e9 des autres sites.<\/p>\n\n<h3 class=\"wp-block-heading\">les d\u00e9cisions et\/ou les param\u00e8tres de profil automatis\u00e9s que nous prenons avec les donn\u00e9es des utilisateurs.<\/h3>\n\n<p>Il n&rsquo;y a pas d&rsquo;autre traitement automatique des donn\u00e9es personnelles que celui r\u00e9sultant de l&rsquo;achat de services dans notre boutique.<\/p>\n\n<h3 class=\"wp-block-heading\">Exigences de d\u00e9claration du secteur r\u00e9glement\u00e9<\/h3>\n\n<p>Chez UonAir.pt, nous nous soucions de vos donn\u00e9es personnelles et nous voulons que vous sachiez qu&rsquo;elles sont respect\u00e9es et que le traitement que nous en faisons est conforme au nouveau r\u00e8glement g\u00e9n\u00e9ral sur la protection des donn\u00e9es (RGPD) de l&rsquo;Union europ\u00e9enne.<\/p>\n","protected":false},"excerpt":{"rendered":"<p>Qui sommes-nous ? L&rsquo;adresse de notre site web est la suivante : http:\/\/uonair.pt Quelles sont les donn\u00e9es \u00e0 caract\u00e8re personnel collect\u00e9es et comment sont-elles collect\u00e9es ? Commentaires Lorsque les visiteurs laissent des commentaires sur le site, les donn\u00e9es contenues dans le formulaire de commentaire sont enregistr\u00e9es, ainsi que l&rsquo;adresse IP et l&rsquo;agent utilisateur du navigateur, [&hellip;]<\/p>\n","protected":false},"author":1,"featured_media":551,"parent":0,"menu_order":0,"comment_status":"closed","ping_status":"open","template":"","meta":{"_monsterinsights_skip_tracking":false,"_monsterinsights_sitenote_active":false,"_monsterinsights_sitenote_note":"","_monsterinsights_sitenote_category":0,"footnotes":""},"class_list":["post-220","page","type-page","status-publish","has-post-thumbnail","hentry"],"aioseo_notices":[],"_links":{"self":[{"href":"https:\/\/uonair.pt\/fr\/wp-json\/wp\/v2\/pages\/220","targetHints":{"allow":["GET"]}}],"collection":[{"href":"https:\/\/uonair.pt\/fr\/wp-json\/wp\/v2\/pages"}],"about":[{"href":"https:\/\/uonair.pt\/fr\/wp-json\/wp\/v2\/types\/page"}],"author":[{"embeddable":true,"href":"https:\/\/uonair.pt\/fr\/wp-json\/wp\/v2\/users\/1"}],"replies":[{"embeddable":true,"href":"https:\/\/uonair.pt\/fr\/wp-json\/wp\/v2\/comments?post=220"}],"version-history":[{"count":0,"href":"https:\/\/uonair.pt\/fr\/wp-json\/wp\/v2\/pages\/220\/revisions"}],"wp:featuredmedia":[{"embeddable":true,"href":"https:\/\/uonair.pt\/fr\/wp-json\/wp\/v2\/media\/551"}],"wp:attachment":[{"href":"https:\/\/uonair.pt\/fr\/wp-json\/wp\/v2\/media?parent=220"}],"curies":[{"name":"wp","href":"https:\/\/api.w.org\/{rel}","templated":true}]}}