{"id":223,"date":"2023-07-20T15:05:30","date_gmt":"2023-07-20T14:05:30","guid":{"rendered":"https:\/\/new.uonair.pt\/tourisme\/"},"modified":"2024-04-26T12:23:28","modified_gmt":"2024-04-26T11:23:28","slug":"tourisme","status":"publish","type":"page","link":"https:\/\/uonair.pt\/fr\/tourisme\/","title":{"rendered":"Tourisme"},"content":{"rendered":"\n<div class=\"wp-block-columns is-layout-flex wp-container-core-columns-is-layout-28f84493 wp-block-columns-is-layout-flex\">\n<div class=\"wp-block-column is-layout-flow wp-block-column-is-layout-flow\" style=\"flex-basis:50%\">\n<p>Pour les pilotes qui ne connaissent pas les lieux et les caract\u00e9ristiques de vol au Portugal et souhaitent les d\u00e9couvrir, nous proposons une \u00e9quipe sp\u00e9cialis\u00e9e, disponible pour emmener les pilotes vers nos meilleurs sites de vol.<\/p>\n\n\n\n<p>Que ce soit pour le vol de plage ou le vol avanc\u00e9 en montagne, notre pays dispose d&rsquo;excellents sites de vol et de nombreux jours avec une m\u00e9t\u00e9o favorable.<\/p>\n<\/div>\n\n\n\n<div class=\"wp-block-column is-layout-flow wp-block-column-is-layout-flow\" style=\"flex-basis:50%\">\n<p> Le printemps et l&rsquo;automne sont les meilleures saisons pour le vol de plage. Cependant, il est \u00e9galement possible de voler en hiver : les jours pr\u00e9c\u00e9dant et suivant la pluie offrent g\u00e9n\u00e9ralement d&rsquo;excellentes conditions de vol. Nos destinations de vol les plus courantes sont situ\u00e9es dans la r\u00e9gion de Lisbonne, mais nous avons d&rsquo;autres options, comme la c\u00f4te ouest, la c\u00f4te de l&rsquo;Alentejo, ou des destinations de montagne, comme Serra da Estrela ou Castelo de Vide.<\/p>\n<\/div>\n<\/div>\n\n\n\n<hr class=\"wp-block-separator has-alpha-channel-opacity is-style-default\"\/>\n\n\n\n<h3 class=\"wp-block-heading\">Nos offres<\/h3>\n\n\n\n<div class=\"wp-block-columns is-layout-flex wp-container-core-columns-is-layout-28f84493 wp-block-columns-is-layout-flex\">\n<div class=\"wp-block-column is-layout-flow wp-block-column-is-layout-flow\" style=\"flex-basis:50%\">\n<blockquote class=\"wp-block-quote is-layout-flow wp-block-quote-is-layout-flow\">\n<h5 class=\"wp-block-heading\"><strong>Visite vol de Plage<\/strong><\/h5>\n\n\n\n<p>Destin\u00e9 aux pilotes souhaitant survoler des dunes ou des falaises, nous disposons d&rsquo;un littoral magnifique, avec des plages qui s&rsquo;\u00e9tendent sur des dizaines de kilom\u00e8tres et des \u00e9l\u00e9ments conviviaux, offrant qualit\u00e9 et s\u00e9curit\u00e9 des vols. Id\u00e9al pour les pilotes ou les \u00e9tudiants qui souhaitent am\u00e9liorer leurs capacit\u00e9s et leurs comp\u00e9tences de vol en ascendance orographique.<\/p>\n<\/blockquote>\n\n\n\n<p><strong>Nous offrons:<\/strong><\/p>\n\n\n\n<ul class=\"wp-block-list\">\n<li>Une exp\u00e9rience de 20 ans en tant que pilotes et instructeurs<\/li>\n\n\n\n<li>Ma\u00eetrise des lieux et connaissance approfondie de la m\u00e9t\u00e9orologie et de l&rsquo;a\u00e9rologie<\/li>\n\n\n\n<li>Divers sites de vol le long de la c\u00f4te continentale portugaise<\/li>\n\n\n\n<li>Assistance au d\u00e9collage, vol et prise en charge du pilote<\/li>\n<\/ul>\n<\/div>\n\n\n\n<div class=\"wp-block-column is-layout-flow wp-block-column-is-layout-flow\" style=\"flex-basis:50%\">\n<blockquote class=\"wp-block-quote is-layout-flow wp-block-quote-is-layout-flow\">\n<h5 class=\"wp-block-heading\"><strong>Tour Vol thermique en montagne<\/strong><\/h5>\n\n\n\n<p>Destin\u00e9s aux pilotes avanc\u00e9s qui souhaitent voler thermique en montagne, nous disposons de plusieurs sites de vol qui permettent des vols \u00e0 haute altitude et distance, avec des paysages \u00e0 couper le souffle. Id\u00e9al pour les pilotes avanc\u00e9s (IPPI5) qui souhaitent d\u00e9couvrir les sites de vol en montagne, ou am\u00e9liorer leurs comp\u00e9tences en vol thermique et \u00e0 distance.<\/p>\n<\/blockquote>\n\n\n\n<p><strong>Nous offrons:<\/strong><\/p>\n\n\n\n<ul class=\"wp-block-list\">\n<li>20 ans d&rsquo;exp\u00e9rience en tant que pilotes et instructeurs de vol thermique<\/li>\n\n\n\n<li>Ma\u00eetrise des lieux et connaissance approfondie de la m\u00e9t\u00e9orologie et de l&rsquo;a\u00e9rologie<\/li>\n\n\n\n<li>Divers lieux de vol au Portugal continental<\/li>\n\n\n\n<li>Assistance au d\u00e9collage, vol et prise en charge du pilote<\/li>\n<\/ul>\n<\/div>\n<\/div>\n\n\n\n<p>Pour plus de d\u00e9tails, contactez-nous par Email : geral@uonair.pt, ou via notre formulaire :<\/p>\n\n\n\n<figure class=\"wp-block-image size-full\"><img loading=\"lazy\" decoding=\"async\" width=\"552\" height=\"522\" src=\"https:\/\/new.uonair.pt\/wp-content\/uploads\/2023\/07\/algodonales.jpg\" alt=\"\" class=\"wp-image-437\" srcset=\"https:\/\/uonair.pt\/wp-content\/uploads\/2023\/07\/algodonales.jpg 552w, https:\/\/uonair.pt\/wp-content\/uploads\/2023\/07\/algodonales-400x378.jpg 400w, https:\/\/uonair.pt\/wp-content\/uploads\/2023\/07\/algodonales-300x284.jpg 300w\" sizes=\"auto, (max-width: 552px) 100vw, 552px\" \/><\/figure>\n\n\n\n<div class=\"wp-block-cover\"><span aria-hidden=\"true\" class=\"wp-block-cover__background has-background-dim\"><\/span><img loading=\"lazy\" decoding=\"async\" width=\"1600\" height=\"900\" class=\"wp-block-cover__image-background wp-image-625\" alt=\"\" src=\"https:\/\/new.uonair.pt\/wp-content\/uploads\/2024\/01\/algodonales1.jpg\" data-object-fit=\"cover\" srcset=\"https:\/\/uonair.pt\/wp-content\/uploads\/2024\/01\/algodonales1.jpg 1600w, https:\/\/uonair.pt\/wp-content\/uploads\/2024\/01\/algodonales1-600x338.jpg 600w, https:\/\/uonair.pt\/wp-content\/uploads\/2024\/01\/algodonales1-400x225.jpg 400w, https:\/\/uonair.pt\/wp-content\/uploads\/2024\/01\/algodonales1-1024x576.jpg 1024w, https:\/\/uonair.pt\/wp-content\/uploads\/2024\/01\/algodonales1-768x432.jpg 768w, https:\/\/uonair.pt\/wp-content\/uploads\/2024\/01\/algodonales1-1536x864.jpg 1536w, https:\/\/uonair.pt\/wp-content\/uploads\/2024\/01\/algodonales1-1240x698.jpg 1240w\" sizes=\"auto, (max-width: 1600px) 100vw, 1600px\" \/><div class=\"wp-block-cover__inner-container has-global-padding is-layout-constrained wp-block-cover-is-layout-constrained\">\n<p class=\"has-text-align-center has-large-font-size\">Tours de parapente<\/p>\n<\/div><\/div>\n\n\n\n\n\n\n\n\n<div class=\"wpforms-container wpforms-container-full wpforms-block wpforms-block-5b7bc1ba-3c05-4ffc-82e8-5770a9e22b4c wpforms-render-modern\" id=\"wpforms-176\"><form id=\"wpforms-form-176\" class=\"wpforms-validate wpforms-form wpforms-ajax-form\" data-formid=\"176\" method=\"post\" enctype=\"multipart\/form-data\" action=\"\/fr\/wp-json\/wp\/v2\/pages\/223\" data-token=\"e789487a4c37bbb227b8c81dd5b11c5b\" data-token-time=\"1777992758\"><noscript class=\"wpforms-error-noscript\">Veuillez activer JavaScript dans votre navigateur pour remplir ce formulaire.<\/noscript><div id=\"wpforms-error-noscript\" style=\"display: none;\">Veuillez activer JavaScript dans votre navigateur pour remplir ce formulaire.<\/div><div class=\"wpforms-field-container\"><div id=\"wpforms-176-field_0-container\" class=\"wpforms-field wpforms-field-name\" data-field-id=\"0\"><label class=\"wpforms-field-label\" for=\"wpforms-176-field_0\">Nom <span class=\"wpforms-required-label\" aria-hidden=\"true\">*<\/span><\/label><input type=\"text\" id=\"wpforms-176-field_0\" class=\"wpforms-field-medium wpforms-field-required\" name=\"wpforms[fields][0]\" aria-errormessage=\"wpforms-176-field_0-error\" required><\/div><div id=\"wpforms-176-field_1-container\" class=\"wpforms-field wpforms-field-email\" data-field-id=\"1\"><label class=\"wpforms-field-label\" for=\"wpforms-176-field_1\">Email <span class=\"wpforms-required-label\" aria-hidden=\"true\">*<\/span><\/label><input type=\"email\" id=\"wpforms-176-field_1\" class=\"wpforms-field-medium wpforms-field-required\" name=\"wpforms[fields][1]\" spellcheck=\"false\" aria-errormessage=\"wpforms-176-field_1-error\" required><\/div><div id=\"wpforms-176-field_3-container\" class=\"wpforms-field wpforms-field-number\" data-field-id=\"3\"><label class=\"wpforms-field-label\" for=\"wpforms-176-field_3\">T\u00e9l\u00e9phone portable\/t\u00e9l\u00e9phone <span class=\"wpforms-required-label\" aria-hidden=\"true\">*<\/span><\/label><input type=\"number\" id=\"wpforms-176-field_3\" class=\"wpforms-field-medium wpforms-field-required\" name=\"wpforms[fields][3]\" step=\"any\" aria-errormessage=\"wpforms-176-field_3-error\" required><\/div><div id=\"wpforms-176-field_2-container\" class=\"wpforms-field wpforms-field-textarea\" data-field-id=\"2\"><label class=\"wpforms-field-label\" for=\"wpforms-176-field_2\">Message<\/label><textarea id=\"wpforms-176-field_2\" class=\"wpforms-field-medium\" name=\"wpforms[fields][2]\" aria-errormessage=\"wpforms-176-field_2-error\" ><\/textarea><\/div><\/div><!-- .wpforms-field-container --><div class=\"wpforms-submit-container\" ><input type=\"hidden\" name=\"wpforms[id]\" value=\"176\"><input type=\"hidden\" name=\"page_title\" value=\"\"><input type=\"hidden\" name=\"page_url\" value=\"https:\/\/uonair.pt\/fr\/wp-json\/wp\/v2\/pages\/223\"><input type=\"hidden\" name=\"url_referer\" value=\"\"><button type=\"submit\" name=\"wpforms[submit]\" id=\"wpforms-submit-176\" class=\"wpforms-submit\" data-alt-text=\"Envoyer...\" data-submit-text=\"Envoyer\" aria-live=\"assertive\" value=\"wpforms-submit\">Envoyer<\/button><img loading=\"lazy\" decoding=\"async\" src=\"https:\/\/uonair.pt\/wp-content\/plugins\/wpforms-lite\/assets\/images\/submit-spin.svg\" class=\"wpforms-submit-spinner\" style=\"display: none;\" width=\"26\" height=\"26\" alt=\"Chargement en cours\"><\/div><\/form><\/div>  <!-- .wpforms-container -->\n\n\n\n\n\n\n\n\n\n\n\n\n\n","protected":false},"excerpt":{"rendered":"<p>Pour les pilotes qui ne connaissent pas les lieux et les caract\u00e9ristiques de vol au Portugal et souhaitent les d\u00e9couvrir, nous proposons une \u00e9quipe sp\u00e9cialis\u00e9e, disponible pour emmener les pilotes vers nos meilleurs sites de vol. Que ce soit pour le vol de plage ou le vol avanc\u00e9 en montagne, notre pays dispose d&rsquo;excellents sites [&hellip;]<\/p>\n","protected":false},"author":1,"featured_media":551,"parent":0,"menu_order":0,"comment_status":"closed","ping_status":"closed","template":"","meta":{"_monsterinsights_skip_tracking":false,"_monsterinsights_sitenote_active":false,"_monsterinsights_sitenote_note":"","_monsterinsights_sitenote_category":0,"footnotes":""},"class_list":["post-223","page","type-page","status-publish","has-post-thumbnail","hentry"],"aioseo_notices":[],"_links":{"self":[{"href":"https:\/\/uonair.pt\/fr\/wp-json\/wp\/v2\/pages\/223","targetHints":{"allow":["GET"]}}],"collection":[{"href":"https:\/\/uonair.pt\/fr\/wp-json\/wp\/v2\/pages"}],"about":[{"href":"https:\/\/uonair.pt\/fr\/wp-json\/wp\/v2\/types\/page"}],"author":[{"embeddable":true,"href":"https:\/\/uonair.pt\/fr\/wp-json\/wp\/v2\/users\/1"}],"replies":[{"embeddable":true,"href":"https:\/\/uonair.pt\/fr\/wp-json\/wp\/v2\/comments?post=223"}],"version-history":[{"count":1,"href":"https:\/\/uonair.pt\/fr\/wp-json\/wp\/v2\/pages\/223\/revisions"}],"predecessor-version":[{"id":902,"href":"https:\/\/uonair.pt\/fr\/wp-json\/wp\/v2\/pages\/223\/revisions\/902"}],"wp:featuredmedia":[{"embeddable":true,"href":"https:\/\/uonair.pt\/fr\/wp-json\/wp\/v2\/media\/551"}],"wp:attachment":[{"href":"https:\/\/uonair.pt\/fr\/wp-json\/wp\/v2\/media?parent=223"}],"curies":[{"name":"wp","href":"https:\/\/api.w.org\/{rel}","templated":true}]}}