{"id":228,"date":"2023-07-19T14:46:52","date_gmt":"2023-07-19T13:46:52","guid":{"rendered":"https:\/\/new.uonair.pt\/lecole\/"},"modified":"2024-07-18T17:01:53","modified_gmt":"2024-07-18T16:01:53","slug":"lecole","status":"publish","type":"page","link":"https:\/\/uonair.pt\/fr\/parapente\/lecole\/","title":{"rendered":"\u00c9cole de parapente"},"content":{"rendered":"\n<p>Nous sommes une \u00e9cole de vol libre d\u00e9di\u00e9e \u00e0 l&rsquo;enseignement du parapente.<\/p>\n\n\n\n<p>Nous disposons d&rsquo;une \u00e9quipe d&rsquo;instructeurs dont les qualifications techniques sont officiellement reconnues par la F\u00e9d\u00e9ration portugaise de vol libre (FPVL), l&rsquo;organisme qui, au Portugal, promeut, r\u00e9glemente et dirige la pratique sportive du deltaplane, du paramoteur et du parapente.<\/p>\n\n\n\n<p>Nous sommes centr\u00e9s sur la r\u00e9gion de Lisbonne et nous promouvons l&rsquo;enseignement et la pratique du parapente dans des endroits aussi divers que la c\u00f4te de l&rsquo;Alentejo, la p\u00e9ninsule de Set\u00fabal, la r\u00e9gion Ouest, ou dans des endroits montagneux tels que Serra da Estrela, Serra do Larouco ou Castelo de Vide.<\/p>\n\n\n\n<div class=\"wp-block-columns is-layout-flex wp-container-core-columns-is-layout-28f84493 wp-block-columns-is-layout-flex\">\n<div class=\"wp-block-column is-layout-flow wp-block-column-is-layout-flow\">\n<article class=\"hex\" style=\"--focal-x:79%;--focal-y:71%\"><a href=\"https:\/\/uonair.pt\/fr\/loja\/parapente-fr\/cours\/pilote-de-niveau-i\/\" class=\"hex__link\"><span class=\"has-medium-large-font-size\">Pilote de Niveau I<\/span><\/a><figure class=\"hex__image-wrap\"><img decoding=\"async\" src=\"https:\/\/uonair.pt\/wp-content\/uploads\/2023\/07\/IMG20230702141823-300x400.jpg\" alt=\"\"\/><\/figure><\/article>\n<\/div>\n\n\n\n<div class=\"wp-block-column is-layout-flow wp-block-column-is-layout-flow\">\n<article class=\"hex\" style=\"--focal-x:37%;--focal-y:44%\"><a href=\"https:\/\/uonair.pt\/fr\/loja\/parapente-fr\/cours\/niveau-ii-pilot-course\/\" class=\"hex__link\"><span class=\"has-medium-large-font-size\">Pilote de Niveau II<\/span><\/a><figure class=\"hex__image-wrap\"><img decoding=\"async\" src=\"https:\/\/uonair.pt\/wp-content\/uploads\/2023\/07\/algodonales_nivel2-400x313.jpg\" alt=\"\"\/><\/figure><\/article>\n<\/div>\n\n\n\n<div class=\"wp-block-column is-layout-flow wp-block-column-is-layout-flow\">\n<article class=\"hex\" style=\"--focal-x:50%;--focal-y:50%\"><a href=\"https:\/\/uonair.pt\/fr\/loja\/parapente-fr\/cours\/cours-pour-debutants\/\" class=\"hex__link\"><span class=\"has-medium-large-font-size\">Le\u00e7on individuel<\/span><\/a><figure class=\"hex__image-wrap\"><img decoding=\"async\" src=\"https:\/\/uonair.pt\/wp-content\/uploads\/2023\/07\/IMG20231027134657-226x400.jpg\" alt=\"\"\/><\/figure><\/article>\n<\/div>\n<\/div>\n\n\n\n<div class=\"wp-block-columns is-layout-flex wp-container-core-columns-is-layout-28f84493 wp-block-columns-is-layout-flex\">\n<div class=\"wp-block-column is-layout-flow wp-block-column-is-layout-flow\">\n<article class=\"hex\" style=\"--focal-x:50%;--focal-y:50%\"><a href=\"https:\/\/uonair.pt\/fr\/loja\/parapente-fr\/cours\/pilote-tandem\/\" class=\"hex__link\"><span class=\"has-medium-large-font-size\">Pilote tandem<\/span><\/a><figure class=\"hex__image-wrap\"><img decoding=\"async\" src=\"https:\/\/uonair.pt\/wp-content\/uploads\/2023\/07\/IMG20230413123424-400x300.jpg\" alt=\"\"\/><\/figure><\/article>\n<\/div>\n\n\n\n<div class=\"wp-block-column is-layout-flow wp-block-column-is-layout-flow\"><\/div>\n\n\n\n<div class=\"wp-block-column is-layout-flow wp-block-column-is-layout-flow\"><\/div>\n<\/div>\n","protected":false},"excerpt":{"rendered":"<p>Nous sommes une \u00e9cole de vol libre d\u00e9di\u00e9e \u00e0 l&rsquo;enseignement du parapente. Nous disposons d&rsquo;une \u00e9quipe d&rsquo;instructeurs dont les qualifications techniques sont officiellement reconnues par la F\u00e9d\u00e9ration portugaise de vol libre (FPVL), l&rsquo;organisme qui, au Portugal, promeut, r\u00e9glemente et dirige la pratique sportive du deltaplane, du paramoteur et du parapente. Nous sommes centr\u00e9s sur la [&hellip;]<\/p>\n","protected":false},"author":1,"featured_media":299,"parent":234,"menu_order":0,"comment_status":"closed","ping_status":"closed","template":"","meta":{"_monsterinsights_skip_tracking":false,"_monsterinsights_sitenote_active":false,"_monsterinsights_sitenote_note":"","_monsterinsights_sitenote_category":0,"footnotes":""},"class_list":["post-228","page","type-page","status-publish","has-post-thumbnail","hentry"],"aioseo_notices":[],"_links":{"self":[{"href":"https:\/\/uonair.pt\/fr\/wp-json\/wp\/v2\/pages\/228","targetHints":{"allow":["GET"]}}],"collection":[{"href":"https:\/\/uonair.pt\/fr\/wp-json\/wp\/v2\/pages"}],"about":[{"href":"https:\/\/uonair.pt\/fr\/wp-json\/wp\/v2\/types\/page"}],"author":[{"embeddable":true,"href":"https:\/\/uonair.pt\/fr\/wp-json\/wp\/v2\/users\/1"}],"replies":[{"embeddable":true,"href":"https:\/\/uonair.pt\/fr\/wp-json\/wp\/v2\/comments?post=228"}],"version-history":[{"count":1,"href":"https:\/\/uonair.pt\/fr\/wp-json\/wp\/v2\/pages\/228\/revisions"}],"predecessor-version":[{"id":956,"href":"https:\/\/uonair.pt\/fr\/wp-json\/wp\/v2\/pages\/228\/revisions\/956"}],"up":[{"embeddable":true,"href":"https:\/\/uonair.pt\/fr\/wp-json\/wp\/v2\/pages\/234"}],"wp:featuredmedia":[{"embeddable":true,"href":"https:\/\/uonair.pt\/fr\/wp-json\/wp\/v2\/media\/299"}],"wp:attachment":[{"href":"https:\/\/uonair.pt\/fr\/wp-json\/wp\/v2\/media?parent=228"}],"curies":[{"name":"wp","href":"https:\/\/api.w.org\/{rel}","templated":true}]}}