{"id":234,"date":"2023-07-18T20:10:45","date_gmt":"2023-07-18T19:10:45","guid":{"rendered":"https:\/\/new.uonair.pt\/parapente\/"},"modified":"2023-08-03T23:33:40","modified_gmt":"2023-08-03T22:33:40","slug":"parapente","status":"publish","type":"page","link":"https:\/\/uonair.pt\/fr\/parapente\/","title":{"rendered":"Parapente"},"content":{"rendered":"\n<p>Volez comme une mouette, volez comme un aigle, volez comme un faucon !<\/p>\n\n<p>Il vous est peut-\u00eatre arriv\u00e9, au d\u00e9tour d&rsquo;une plage ou d&rsquo;une cha\u00eene de montagnes, d&rsquo;\u00eatre \u00e9bloui par le spectacle d&rsquo;une ou plusieurs ailes color\u00e9es battant la brise, transportant un pilote de parapente, et ce spectacle a suscit\u00e9 en vous quelques interrogations. Peut-\u00eatre avez-vous m\u00eame eu envie de vivre la libert\u00e9 et l&rsquo;immense joie que seuls les oiseaux connaissent. Les oiseaux et les personnes qui osent r\u00eaver et partir \u00e0 la recherche de ces r\u00eaves.<\/p>\n\n<div class=\"wp-block-columns is-layout-flex wp-container-core-columns-is-layout-28f84493 wp-block-columns-is-layout-flex\">\n<div class=\"wp-block-column is-layout-flow wp-block-column-is-layout-flow\" style=\"flex-basis:100%\"><ul class=\"wp-block-page-list\"><li class=\"wp-block-pages-list__item\"><a class=\"wp-block-pages-list__item__link\" href=\"https:\/\/uonair.pt\/fr\/parapente\/lecole\/\">\u00c9cole de parapente<\/a><\/li><li class=\"wp-block-pages-list__item\"><a class=\"wp-block-pages-list__item__link\" href=\"https:\/\/uonair.pt\/fr\/parapente\/experience\/\">Exp\u00e9rience<\/a><\/li><li class=\"wp-block-pages-list__item\"><a class=\"wp-block-pages-list__item__link\" href=\"https:\/\/uonair.pt\/fr\/parapente\/assistance-technique\/\">UonAir Assist &#8211; Assistance technique<\/a><\/li><\/ul><\/div>\n<\/div>\n\n<p><\/p>\n\n<h3 class=\"wp-block-heading\">FAQ<\/h3>\n\n<p><strong>Qu&rsquo;est-ce que le vol libre ?<\/strong><br\/>Il s&rsquo;agit de voler en utilisant les forces de la nature et en utilisant la propre force du pilote pour d\u00e9coller et atterrir en utilisant les membres inf\u00e9rieurs.<br\/>Le parapente est un sport d&rsquo;aventure, de loisir et de comp\u00e9tition dans la cat\u00e9gorie des planeurs : il s&rsquo;agit d&rsquo;un a\u00e9ronef l\u00e9ger, lanc\u00e9 \u00e0 pied, volant librement et sans structure primaire rigide. Le pilote est assis dans une sellete ou un harnais, ou se trouve \u00e0 l&rsquo;int\u00e9rieur d&rsquo;un \u00ab\u00a0cano\u00eb\u00a0\u00bb en forme de cocon, suspendu sous l&rsquo;aile et fabriqu\u00e9 en tissu. La forme de l&rsquo;aile est maintenue par les suspentes, la pression de l&rsquo;air p\u00e9n\u00e9trant dans les ouvertures \u00e0 l&rsquo;avant de l&rsquo;aile et les forces a\u00e9rodynamiques de l&rsquo;air circulant sur l&rsquo;ext\u00e9rieur.<br\/>Malgr\u00e9 l&rsquo;absence de moteur, les vols en parapente peuvent durer plusieurs heures et couvrir des distances de plusieurs centaines de kilom\u00e8tres, bien que les vols d&rsquo;une \u00e0 deux heures et couvrant quelques dizaines de kilom\u00e8tres soient plus courants. En exploitant les brises et les courants d&rsquo;air ascendants, le pilote peut prendre de l&rsquo;altitude, souvent jusqu&rsquo;\u00e0 plusieurs milliers de m\u00e8tres.<\/p>\n\n<p><strong>Est-ce que seuls des experts et des personnes hautement qualifi\u00e9es peuvent le faire ?<\/strong><br\/>Il n&rsquo;est pas tr\u00e8s difficile de devenir pilote de parapente. La premi\u00e8re chose \u00e0 faire est d&rsquo;avoir la volont\u00e9. Si vous avez l&rsquo;\u00e2ge requis, vous pouvez envisager de rejoindre les rangs des pilotes qui partagent le ciel avec les mouettes ou les aigles.<\/p>\n\n<p><strong>Et est-ce s\u00fbr ?<\/strong><br\/>Tout comme il est s\u00fbr de conduire une voiture ou une moto, il faut savoir comment s&rsquo;y prendre !<\/p>\n\n<p><strong>Mais le parapente se r\u00e9sume-t-il \u00e0 cela ?<\/strong><br\/>En partant des bases du vol simple et tranquille \u00e0 flanc de colline, il peut vouloir acqu\u00e9rir des comp\u00e9tences pour des vols plus \u00e9lev\u00e9s. Par exemple, le vol thermique avanc\u00e9. L\u00e0, le pilote profite des courants d&rsquo;air chaud ascendants, s&rsquo;y envole en tournoyant comme un aigle, et peut enfin d\u00e9cider de tourner le dos au vent pour se lancer dans le vol de distance et parcourir de nombreux kilom\u00e8tres !<\/p>\n","protected":false},"excerpt":{"rendered":"<p>Volez comme une mouette, volez comme un aigle, volez comme un faucon ! Il vous est peut-\u00eatre arriv\u00e9, au d\u00e9tour d&rsquo;une plage ou d&rsquo;une cha\u00eene de montagnes, d&rsquo;\u00eatre \u00e9bloui par le spectacle d&rsquo;une ou plusieurs ailes color\u00e9es battant la brise, transportant un pilote de parapente, et ce spectacle a suscit\u00e9 en vous quelques interrogations. Peut-\u00eatre [&hellip;]<\/p>\n","protected":false},"author":1,"featured_media":551,"parent":0,"menu_order":0,"comment_status":"closed","ping_status":"closed","template":"","meta":{"_monsterinsights_skip_tracking":false,"_monsterinsights_sitenote_active":false,"_monsterinsights_sitenote_note":"","_monsterinsights_sitenote_category":0,"footnotes":""},"class_list":["post-234","page","type-page","status-publish","has-post-thumbnail","hentry"],"aioseo_notices":[],"_links":{"self":[{"href":"https:\/\/uonair.pt\/fr\/wp-json\/wp\/v2\/pages\/234","targetHints":{"allow":["GET"]}}],"collection":[{"href":"https:\/\/uonair.pt\/fr\/wp-json\/wp\/v2\/pages"}],"about":[{"href":"https:\/\/uonair.pt\/fr\/wp-json\/wp\/v2\/types\/page"}],"author":[{"embeddable":true,"href":"https:\/\/uonair.pt\/fr\/wp-json\/wp\/v2\/users\/1"}],"replies":[{"embeddable":true,"href":"https:\/\/uonair.pt\/fr\/wp-json\/wp\/v2\/comments?post=234"}],"version-history":[{"count":0,"href":"https:\/\/uonair.pt\/fr\/wp-json\/wp\/v2\/pages\/234\/revisions"}],"wp:featuredmedia":[{"embeddable":true,"href":"https:\/\/uonair.pt\/fr\/wp-json\/wp\/v2\/media\/551"}],"wp:attachment":[{"href":"https:\/\/uonair.pt\/fr\/wp-json\/wp\/v2\/media?parent=234"}],"curies":[{"name":"wp","href":"https:\/\/api.w.org\/{rel}","templated":true}]}}