{"id":509,"date":"2024-01-11T19:54:19","date_gmt":"2024-01-11T19:54:19","guid":{"rendered":"https:\/\/new.uonair.pt\/links-uteis\/"},"modified":"2024-01-30T21:39:50","modified_gmt":"2024-01-30T21:39:50","slug":"links-uteis","status":"publish","type":"page","link":"https:\/\/uonair.pt\/fr\/links-uteis\/","title":{"rendered":"Links \u00fateis"},"content":{"rendered":"\n<p class=\"has-text-align-center\">O voo livre em parapente obriga \u00e0 exist\u00eancia de uma licen\u00e7a, no caso desportiva.<\/p>\n\n\n\n<p class=\"has-text-align-center\">Havendo uma partilha do espa\u00e7o a\u00e9reo, sobretudo nos n\u00edveis mais avan\u00e7ados, \u00e9 importante conhecer o enquadramento desta modalidade.<\/p>\n\n\n\n<p class=\"has-text-align-center\">As entidades aeron\u00e1uticas e desportivas que gerem e administram a modalidade e o espa\u00e7o a\u00e9reo s\u00e3o as seguintes:<\/p>\n\n\n\n<figure class=\"wp-block-image aligncenter size-full\"><img loading=\"lazy\" decoding=\"async\" width=\"300\" height=\"54\" src=\"https:\/\/uonair.pt\/wp-content\/uploads\/2024\/01\/logo_FPVL.webp\" alt=\"Logo FPVL\" class=\"wp-image-514\"\/><figcaption class=\"wp-element-caption\"><strong>Federa\u00e7\u00e3o Portuguesa de Voo livre<\/strong><\/figcaption><\/figure>\n\n\n\n<figure class=\"wp-block-image aligncenter size-full\"><img loading=\"lazy\" decoding=\"async\" width=\"300\" height=\"150\" src=\"https:\/\/uonair.pt\/wp-content\/uploads\/2024\/01\/anac.webp\" alt=\"\" class=\"wp-image-511\"\/><figcaption class=\"wp-element-caption\"><strong>Autoridade Nacional de Avia\u00e7\u00e3o Civil<\/strong><\/figcaption><\/figure>\n\n\n\n<figure class=\"wp-block-image aligncenter size-full\"><img loading=\"lazy\" decoding=\"async\" width=\"300\" height=\"110\" src=\"https:\/\/uonair.pt\/wp-content\/uploads\/2024\/01\/acp.webp\" alt=\"\" class=\"wp-image-517\"\/><figcaption class=\"wp-element-caption\"><strong>Aero Clube de Portugal<\/strong><\/figcaption><\/figure>\n\n\n\n<figure class=\"wp-block-image aligncenter size-full\"><img loading=\"lazy\" decoding=\"async\" width=\"150\" height=\"226\" src=\"https:\/\/uonair.pt\/wp-content\/uploads\/2024\/01\/fai-logo.webp\" alt=\"\" class=\"wp-image-520\"\/><figcaption class=\"wp-element-caption\"><strong>Federa\u00e7\u00e3o Aeron\u00e1utica Internacional<\/strong><\/figcaption><\/figure>\n\n\n\n<figure class=\"wp-block-image aligncenter size-full\"><img loading=\"lazy\" decoding=\"async\" width=\"253\" height=\"109\" src=\"https:\/\/uonair.pt\/wp-content\/uploads\/2024\/01\/cavok.webp\" alt=\"\" class=\"wp-image-523\"\/><figcaption class=\"wp-element-caption\"><strong>O site da avia\u00e7\u00e3o de lazer em Portugal<\/strong><\/figcaption><\/figure>\n\n\n\n<figure class=\"wp-block-embed is-type-wp-embed is-provider-cavok-pt wp-block-embed-cavok-pt\"><div class=\"wp-block-embed__wrapper\">\n<blockquote class=\"wp-embedded-content\" data-secret=\"WqCXM3blpP\"><a href=\"https:\/\/cavok.pt\/\">CAVOK.pt &#8211; O Portal da Avia\u00e7\u00e3o de Lazer !<\/a><\/blockquote><iframe loading=\"lazy\" class=\"wp-embedded-content\" sandbox=\"allow-scripts\" security=\"restricted\" style=\"position: absolute; clip: rect(1px, 1px, 1px, 1px);\" title=\"&#8220;CAVOK.pt &#8211; O Portal da Avia\u00e7\u00e3o de Lazer !&#8221; &#8212; CAVOK.pt\" src=\"https:\/\/cavok.pt\/embed\/#?secret=LcXN3HYzTE#?secret=WqCXM3blpP\" data-secret=\"WqCXM3blpP\" width=\"500\" height=\"282\" frameborder=\"0\" marginwidth=\"0\" marginheight=\"0\" scrolling=\"no\"><\/iframe>\n<\/div><figcaption>Cavok &#8211; Voar em seguran\u00e7a em Portugal<\/figcaption><\/figure>\n\n\n\n<h2 class=\"wp-block-heading has-text-align-center\" id=\"meteorologia\">Meteorologia<\/h2>\n\n\n\n<p class=\"has-text-align-center\"><a href=\"https:\/\/www.windy.com\/\">https:\/\/www.windy.com\/<\/a><\/p>\n\n\n\n<iframe loading=\"lazy\" src=\"https:\/\/embed.windy.com\/embed2.html?lat=38.456&amp;lon=-8.665&amp;detailLat=38.650&amp;detailLon=-8.665&amp;width=650&amp;height=450&amp;zoom=9&amp;level=surface&amp;overlay=wind&amp;product=ecmwf&amp;menu=&amp;message=true&amp;marker=true&amp;calendar=now&amp;pressure=&amp;type=map&amp;location=coordinates&amp;detail=true&amp;metricWind=default&amp;metricTemp=default&amp;radarRange=-1\" width=\"650\" height=\"450\" frameborder=\"0\"><\/iframe>\n\n\n\n<div class=\"wp-block-group is-layout-flow wp-block-group-is-layout-flow\">\n<p class=\"has-text-align-center\"><strong>Instituto Portugu\u00eas do Mar e da Atmosfera<\/strong><\/p>\n<\/div>\n\n\n\n<div class=\"wp-block-group is-layout-flow wp-block-group-is-layout-flow\">\n<figure class=\"wp-block-image aligncenter size-full is-resized\"><img loading=\"lazy\" decoding=\"async\" width=\"190\" height=\"54\" src=\"https:\/\/uonair.pt\/wp-content\/uploads\/2024\/01\/icon_IPMA.webp\" alt=\"\" class=\"wp-image-526\"\/><figcaption class=\"wp-element-caption\"><strong>Site oficial do Instituto Portugu\u00eas do Mar e da Atmosfera<\/strong><\/figcaption><\/figure>\n<\/div>\n","protected":false},"excerpt":{"rendered":"<p>O voo livre em parapente obriga \u00e0 exist\u00eancia de uma licen\u00e7a, no caso desportiva. Havendo uma partilha do espa\u00e7o a\u00e9reo, sobretudo nos n\u00edveis mais avan\u00e7ados, \u00e9 importante conhecer o enquadramento desta modalidade. As entidades aeron\u00e1uticas e desportivas que gerem e administram a modalidade e o espa\u00e7o a\u00e9reo s\u00e3o as seguintes: CAVOK.pt &#8211; O Portal da [&hellip;]<\/p>\n","protected":false},"author":1,"featured_media":551,"parent":0,"menu_order":0,"comment_status":"closed","ping_status":"closed","template":"","meta":{"_monsterinsights_skip_tracking":false,"_monsterinsights_sitenote_active":false,"_monsterinsights_sitenote_note":"","_monsterinsights_sitenote_category":0,"footnotes":""},"class_list":["post-509","page","type-page","status-publish","has-post-thumbnail","hentry"],"aioseo_notices":[],"_links":{"self":[{"href":"https:\/\/uonair.pt\/fr\/wp-json\/wp\/v2\/pages\/509","targetHints":{"allow":["GET"]}}],"collection":[{"href":"https:\/\/uonair.pt\/fr\/wp-json\/wp\/v2\/pages"}],"about":[{"href":"https:\/\/uonair.pt\/fr\/wp-json\/wp\/v2\/types\/page"}],"author":[{"embeddable":true,"href":"https:\/\/uonair.pt\/fr\/wp-json\/wp\/v2\/users\/1"}],"replies":[{"embeddable":true,"href":"https:\/\/uonair.pt\/fr\/wp-json\/wp\/v2\/comments?post=509"}],"version-history":[{"count":0,"href":"https:\/\/uonair.pt\/fr\/wp-json\/wp\/v2\/pages\/509\/revisions"}],"wp:featuredmedia":[{"embeddable":true,"href":"https:\/\/uonair.pt\/fr\/wp-json\/wp\/v2\/media\/551"}],"wp:attachment":[{"href":"https:\/\/uonair.pt\/fr\/wp-json\/wp\/v2\/media?parent=509"}],"curies":[{"name":"wp","href":"https:\/\/api.w.org\/{rel}","templated":true}]}}