{"id":193,"date":"2023-07-28T14:18:42","date_gmt":"2023-07-28T13:18:42","guid":{"rendered":"https:\/\/new.uonair.pt\/loja\/non%20class\u00e9\/bapteme-de-lair-a-sesimbra-serra-da-arrabida-inclut-les-photos\/"},"modified":"2024-02-11T16:42:21","modified_gmt":"2024-02-11T16:42:21","slug":"bapteme-de-lair-a-sesimbra-serra-da-arrabida-inclut-les-photos","status":"publish","type":"product","link":"https:\/\/uonair.pt\/fr\/loja\/parapente-fr\/bons\/bapteme-de-lair-a-sesimbra-serra-da-arrabida-inclut-les-photos\/","title":{"rendered":"Bon Vol de Bapt\u00eame \u00e0 Sesimbra \/ Serra da Arr\u00e1bida (avec photos)"},"content":{"rendered":"<blockquote><p><strong>Une journ\u00e9e pour devenir pilote &#8211; Le vol biplace est une exp\u00e9rience didactique, r\u00e9alis\u00e9e dans l&rsquo;esprit a\u00e9ronautique de la \u00ab\u00a0journ\u00e9e d\u00e9couverte\u00a0\u00bb et est une le\u00e7on pratique de parapente r\u00e9alis\u00e9e en compagnie d&rsquo;un moniteur.<\/strong> UonAir fournit tout le mat\u00e9riel n\u00e9cessaire pour r\u00e9aliser les bapt\u00eames de vol. Le prix de la le\u00e7on \u00ab\u00a0bapt\u00eame de vol\u00a0\u00bb est inclus dans le prix total du cours de pilotage.<br \/>\nIl est recommand\u00e9 \u00e0 tous les el\u00e9ves de porter des v\u00eatements chauds et confortables et des chaussures de montagne ou similaires.<\/p><\/blockquote>\n<p>Lors du brefinig, pendant le vol et lors du d\u00e9brifing, des concepts th\u00e9oriques et pratiques sont transmis au passager qui peut ainsi savoir s&rsquo;il a \u00ab\u00a0l&rsquo;esprit a\u00e9rien\u00a0\u00bb. A l&rsquo;issue du vol, l&rsquo;\u00e9l\u00e8ve re\u00e7oit un certificat attestant de la premi\u00e8re le\u00e7on pratique.<\/p>\n<ul>\n<li>Horaires : \u00e0 convenir<\/li>\n<li>Au jour de l&rsquo;exp\u00e9rience, apportez : des v\u00eatements adapt\u00e9s aux activit\u00e9s de l\u00b4air et aux conditions m\u00e9t\u00e9orologiques, des v\u00eatements chauds, des chaussures de montagne ou des baskets.<\/li>\n<li>Le programme est soumis \u00e0 r\u00e9servation et \u00e0 disponibilit\u00e9<\/li>\n<li>La r\u00e9alisation de l&rsquo;exp\u00e9rience peut \u00eatre soumise aux conditions m\u00e9t\u00e9orologiques.<\/li>\n<li>R\u00e9servation pr\u00e9alable 8 jours \u00e0 l&rsquo;avance<\/li>\n<li>Confirmer 2 jours \u00e0 l&rsquo;avance<\/li>\n<li>Le fait de ne pas se pr\u00e9senter au lieu, \u00e0 la date et \u00e0 l&rsquo;heure convenus annule ce bon sans droit \u00e0 un remboursement.<\/li>\n<li>Dur\u00e9e approximative de 20 minutes<\/li>\n<li>Breefing d&rsquo;une dur\u00e9e approximative de 10 minutes<\/li>\n<li>Assurance AP incluse<\/li>\n<li>Offre de photos du vol (**)<\/li>\n<\/ul>\n<p><em><strong>L&rsquo;absence \u00e0 la date et au lieu convenus entra\u00eenera l&rsquo;annulation de ce bon sans remboursement.<\/strong><\/em><\/p>\n<p>Sites de vol disponibles <strong>(*<\/strong>) :<\/p>\n<ul>\n<li>Sesimbra<\/li>\n<li>Serra da Arr\u00e1bida (Set\u00fabal)<\/li>\n<\/ul>\n<p>&nbsp;<\/p>\n<p><strong>(*) Interdit pendant la saison baln\u00e9aire.<\/strong><\/p>\n<p>(**) les photos sont propri\u00e9t\u00e9 de l&rsquo;UonAir mais peuvent \u00eatre fournies au passager.<\/p>\n<p>Une fois achet\u00e9s, les bons ne peuvent \u00eatre ni retourn\u00e9s ni rembours\u00e9s.<\/p>\n","protected":false},"excerpt":{"rendered":"<p>Une journ\u00e9e pour devenir pilote &#8211; Le vol biplace est une exp\u00e9rience didactique, r\u00e9alis\u00e9e dans l&rsquo;esprit a\u00e9ronautique de la \u00ab\u00a0journ\u00e9e d\u00e9couverte\u00a0\u00bb et est une le\u00e7on pratique de parapente r\u00e9alis\u00e9e en compagnie d&rsquo;un moniteur. UonAir fournit tout le mat\u00e9riel n\u00e9cessaire pour r\u00e9aliser les bapt\u00eames de vol. Le prix de la le\u00e7on \u00ab\u00a0bapt\u00eame de vol\u00a0\u00bb est inclus [&hellip;]<\/p>\n","protected":false},"featured_media":432,"comment_status":"open","ping_status":"closed","template":"","meta":{"_monsterinsights_skip_tracking":false,"_monsterinsights_sitenote_active":false,"_monsterinsights_sitenote_note":"","_monsterinsights_sitenote_category":0},"product_brand":[],"product_cat":[49,50,48],"product_tag":[],"class_list":{"0":"post-193","1":"product","2":"type-product","3":"status-publish","4":"has-post-thumbnail","6":"product_cat-bons","7":"product_cat-bon","8":"product_cat-parapente-fr","10":"first","11":"instock","12":"downloadable","13":"virtual","14":"purchasable","15":"product-type-simple"},"aioseo_notices":[],"_links":{"self":[{"href":"https:\/\/uonair.pt\/fr\/wp-json\/wp\/v2\/product\/193","targetHints":{"allow":["GET"]}}],"collection":[{"href":"https:\/\/uonair.pt\/fr\/wp-json\/wp\/v2\/product"}],"about":[{"href":"https:\/\/uonair.pt\/fr\/wp-json\/wp\/v2\/types\/product"}],"replies":[{"embeddable":true,"href":"https:\/\/uonair.pt\/fr\/wp-json\/wp\/v2\/comments?post=193"}],"wp:featuredmedia":[{"embeddable":true,"href":"https:\/\/uonair.pt\/fr\/wp-json\/wp\/v2\/media\/432"}],"wp:attachment":[{"href":"https:\/\/uonair.pt\/fr\/wp-json\/wp\/v2\/media?parent=193"}],"wp:term":[{"taxonomy":"product_brand","embeddable":true,"href":"https:\/\/uonair.pt\/fr\/wp-json\/wp\/v2\/product_brand?post=193"},{"taxonomy":"product_cat","embeddable":true,"href":"https:\/\/uonair.pt\/fr\/wp-json\/wp\/v2\/product_cat?post=193"},{"taxonomy":"product_tag","embeddable":true,"href":"https:\/\/uonair.pt\/fr\/wp-json\/wp\/v2\/product_tag?post=193"}],"curies":[{"name":"wp","href":"https:\/\/api.w.org\/{rel}","templated":true}]}}