{"id":194,"date":"2023-07-28T14:17:32","date_gmt":"2023-07-28T13:17:32","guid":{"rendered":"https:\/\/new.uonair.pt\/loja\/non%20class\u00e9\/workshop-de-teoria-e-pratica-de-parapente-1-pessoa\/"},"modified":"2024-03-10T20:28:55","modified_gmt":"2024-03-10T20:28:55","slug":"workshop-de-teoria-e-pratica-de-parapente-1-pessoa","status":"publish","type":"product","link":"https:\/\/uonair.pt\/fr\/loja\/parapente-fr\/bons\/workshop-de-teoria-e-pratica-de-parapente-1-pessoa\/","title":{"rendered":"Atelier th\u00e9orie et pratique du parapente &#8211; 1 personne"},"content":{"rendered":"<p><strong>Une journ\u00e9e pour \u00eatre pilote<\/strong> &#8211; Venez d\u00e9couvrir la libert\u00e9 des mouettes ! Prendre une le\u00e7on pratique d&rsquo;initiation au parapente donn\u00e9e par un moniteur accr\u00e9dit\u00e9. La communion parfaite avec la nature dans un cadre de r\u00eave.<\/p>\n<p>L&rsquo;exp\u00e9rience comprend : Tout l&rsquo;\u00e9quipement<br \/>\nBriefing : 10 minutes<br \/>\nLe\u00e7on : 2 heures<\/p>\n<p>Quelques lieux d&rsquo;activit\u00e9 :<\/p>\n<ul>\n<li>Fonte da Telha<\/li>\n<li>Praia do Meco<\/li>\n<li>Serra da Arr\u00e1bida<\/li>\n<li>Grande Lisboa<\/li>\n<li>Set\u00fabal<\/li>\n<\/ul>\n<p>D\u00e9tails du produit :<\/p>\n<ul>\n<li>Dur\u00e9e totale approximative : 2 heures<\/li>\n<li>Localisation : Region de Lisbonne. Lieu choisi en fonction des conditions m\u00e9t\u00e9orologiques du jour<\/li>\n<li>Horaire : \u00e0 convenir &#8211; Matin \/ Apr\u00e8s-midi<\/li>\n<li>Au jour de l&rsquo;exp\u00e9rience, apportez : des v\u00eatements adapt\u00e9s aux activit\u00e9s de l\u00b4air et aux conditions m\u00e9t\u00e9orologiques, des v\u00eatements chauds, des chaussures de montagne ou des baskets.<\/li>\n<li>Programme soumis \u00e0 r\u00e9servation et disponibilit\u00e9<\/li>\n<li>La r\u00e9alisation de l&rsquo;exp\u00e9rience peut \u00eatre soumise aux conditions m\u00e9t\u00e9orologiques.<\/li>\n<li>R\u00e9servation pr\u00e9alable 8 jours \u00e0 l&rsquo;avance<\/li>\n<li>Confirmer 2 jours \u00e0 l&rsquo;avance<\/li>\n<\/ul>\n<p><em><strong>L&rsquo;absence \u00e0 la date et au lieu convenus entra\u00eenera l&rsquo;annulation de ce bon sans remboursement.<\/strong><\/em><\/p>\n","protected":false},"excerpt":{"rendered":"<p>Atelier th\u00e9orie et pratique &#8211; parapente<\/p>\n","protected":false},"featured_media":435,"comment_status":"open","ping_status":"closed","template":"","meta":{"_monsterinsights_skip_tracking":false,"_monsterinsights_sitenote_active":false,"_monsterinsights_sitenote_note":"","_monsterinsights_sitenote_category":0},"product_brand":[],"product_cat":[49,50,48],"product_tag":[],"class_list":{"0":"post-194","1":"product","2":"type-product","3":"status-publish","4":"has-post-thumbnail","6":"product_cat-bons","7":"product_cat-bon","8":"product_cat-parapente-fr","10":"first","11":"instock","12":"downloadable","13":"virtual","14":"purchasable","15":"product-type-simple"},"aioseo_notices":[],"_links":{"self":[{"href":"https:\/\/uonair.pt\/fr\/wp-json\/wp\/v2\/product\/194","targetHints":{"allow":["GET"]}}],"collection":[{"href":"https:\/\/uonair.pt\/fr\/wp-json\/wp\/v2\/product"}],"about":[{"href":"https:\/\/uonair.pt\/fr\/wp-json\/wp\/v2\/types\/product"}],"replies":[{"embeddable":true,"href":"https:\/\/uonair.pt\/fr\/wp-json\/wp\/v2\/comments?post=194"}],"wp:featuredmedia":[{"embeddable":true,"href":"https:\/\/uonair.pt\/fr\/wp-json\/wp\/v2\/media\/435"}],"wp:attachment":[{"href":"https:\/\/uonair.pt\/fr\/wp-json\/wp\/v2\/media?parent=194"}],"wp:term":[{"taxonomy":"product_brand","embeddable":true,"href":"https:\/\/uonair.pt\/fr\/wp-json\/wp\/v2\/product_brand?post=194"},{"taxonomy":"product_cat","embeddable":true,"href":"https:\/\/uonair.pt\/fr\/wp-json\/wp\/v2\/product_cat?post=194"},{"taxonomy":"product_tag","embeddable":true,"href":"https:\/\/uonair.pt\/fr\/wp-json\/wp\/v2\/product_tag?post=194"}],"curies":[{"name":"wp","href":"https:\/\/api.w.org\/{rel}","templated":true}]}}