{"id":195,"date":"2023-07-28T14:15:55","date_gmt":"2023-07-28T13:15:55","guid":{"rendered":"https:\/\/new.uonair.pt\/loja\/non%20class\u00e9\/bon-astronomie\/"},"modified":"2024-02-18T09:13:03","modified_gmt":"2024-02-18T09:13:03","slug":"bon-astronomie","status":"publish","type":"product","link":"https:\/\/uonair.pt\/fr\/loja\/astronomie\/bon-astronomie\/","title":{"rendered":"Bon Astronomie"},"content":{"rendered":"<blockquote><p>Nuit de Astronomie. Venez observer le ciel nocturne et d\u00e9couvrir les merveilles du cosmos.<\/p>\n<p>Qu&rsquo;il s&rsquo;agisse des crat\u00e8res de la Lune, des anneaux de Saturne, de la gloire des n\u00e9buleuses ou des amas d&rsquo;\u00e9toiles, l&rsquo;observation astronomique aux jumelles ou au t\u00e9lescope offre une fantastique exp\u00e9rience de communion spirituelle avec l&rsquo;univers auquel nous appartenons.<\/p><\/blockquote>\n<p><strong>L&rsquo;exp\u00e9rience comprend :<\/strong><\/p>\n<ul>\n<li>Observation du ciel nocturne \u00e0 l&rsquo;aide de jumelles et d&rsquo;un t\u00e9lescope (*)<\/li>\n<li>Pr\u00e9sentation du mat\u00e9riel<\/li>\n<li>Introduction aux concepts de base de l&rsquo;observation astronomique : sph\u00e8re c\u00e9leste, constellations, objets observables \u00e0 l&rsquo;\u0153il nu et objets visibles \u00e0 l&rsquo;aide d&rsquo;un t\u00e9lescope.<\/li>\n<\/ul>\n<p><strong>Conditions :<\/strong><\/p>\n<ul>\n<li>Validit\u00e9 de ce bon : 2 ans<\/li>\n<li>R\u00e9servation 8 jours \u00e0 l&rsquo;avance<\/li>\n<li>Confirmation trois jours \u00e0 l&rsquo;avance<\/li>\n<li>Programme soumis \u00e0 r\u00e9servation et \u00e0 disponibilit\u00e9 en fonction des conditions m\u00e9t\u00e9orologiques.<\/li>\n<\/ul>\n<p><em><strong>L&rsquo;absence \u00e0 la date et au lieu convenus entra\u00eenera l&rsquo;annulation de ce bon sans remboursement.<\/strong><\/em><\/p>\n<p>Les observations sont g\u00e9n\u00e9ralement effectu\u00e9es dans la r\u00e9gion de la p\u00e9ninsule de Set\u00fabal. Sous r\u00e9serve de modifications en fonction des conditions m\u00e9t\u00e9orologiques.<\/p>\n<p>Dur\u00e9e de l&rsquo;exp\u00e9rience : minimum une heure.<\/p>\n<p><strong>R\u00e9servez votre s\u00e9ance d&rsquo;astronomie directement aupr\u00e8s de nous :<\/strong><br \/>\nUonAir<br \/>\nTel : 92 676 01 72<br \/>\ngeral@uonair.pt<\/p>\n<p>(*)<\/p>\n<p>Adulte &#8211; <strong>35\u20ac<\/strong><\/p>\n<p>2 adultes &#8211; <strong>50\u20ac<\/strong><\/p>\n<p>3 adultes &#8211; <strong>75\u20ac<\/strong><\/p>\n","protected":false},"excerpt":{"rendered":"<p>Nuit de Astronomie. Venez observer le ciel nocturne et d\u00e9couvrir les merveilles du cosmos. Qu&rsquo;il s&rsquo;agisse des crat\u00e8res de la Lune, des anneaux de Saturne, de la gloire des n\u00e9buleuses ou des amas d&rsquo;\u00e9toiles, l&rsquo;observation astronomique aux jumelles ou au t\u00e9lescope offre une fantastique exp\u00e9rience de communion spirituelle avec l&rsquo;univers auquel nous appartenons. L&rsquo;exp\u00e9rience comprend [&hellip;]<\/p>\n","protected":false},"featured_media":429,"comment_status":"open","ping_status":"closed","template":"","meta":{"_monsterinsights_skip_tracking":false,"_monsterinsights_sitenote_active":false,"_monsterinsights_sitenote_note":"","_monsterinsights_sitenote_category":0},"product_brand":[],"product_cat":[51,50],"product_tag":[],"class_list":{"0":"post-195","1":"product","2":"type-product","3":"status-publish","4":"has-post-thumbnail","6":"product_cat-astronomie","7":"product_cat-bon","9":"first","10":"instock","11":"downloadable","12":"virtual","13":"purchasable","14":"product-type-simple"},"aioseo_notices":[],"_links":{"self":[{"href":"https:\/\/uonair.pt\/fr\/wp-json\/wp\/v2\/product\/195","targetHints":{"allow":["GET"]}}],"collection":[{"href":"https:\/\/uonair.pt\/fr\/wp-json\/wp\/v2\/product"}],"about":[{"href":"https:\/\/uonair.pt\/fr\/wp-json\/wp\/v2\/types\/product"}],"replies":[{"embeddable":true,"href":"https:\/\/uonair.pt\/fr\/wp-json\/wp\/v2\/comments?post=195"}],"wp:featuredmedia":[{"embeddable":true,"href":"https:\/\/uonair.pt\/fr\/wp-json\/wp\/v2\/media\/429"}],"wp:attachment":[{"href":"https:\/\/uonair.pt\/fr\/wp-json\/wp\/v2\/media?parent=195"}],"wp:term":[{"taxonomy":"product_brand","embeddable":true,"href":"https:\/\/uonair.pt\/fr\/wp-json\/wp\/v2\/product_brand?post=195"},{"taxonomy":"product_cat","embeddable":true,"href":"https:\/\/uonair.pt\/fr\/wp-json\/wp\/v2\/product_cat?post=195"},{"taxonomy":"product_tag","embeddable":true,"href":"https:\/\/uonair.pt\/fr\/wp-json\/wp\/v2\/product_tag?post=195"}],"curies":[{"name":"wp","href":"https:\/\/api.w.org\/{rel}","templated":true}]}}