{"id":196,"date":"2023-07-28T14:12:35","date_gmt":"2023-07-28T13:12:35","guid":{"rendered":"https:\/\/new.uonair.pt\/loja\/non%20class\u00e9\/bon-bapteme-vol-inclut-video\/"},"modified":"2024-02-11T16:42:55","modified_gmt":"2024-02-11T16:42:55","slug":"bon-bapteme-vol-inclut-video","status":"publish","type":"product","link":"https:\/\/uonair.pt\/fr\/loja\/parapente-fr\/bons\/bon-bapteme-vol-inclut-video\/","title":{"rendered":"Bon pour un vol de bapt\u00eame (avec vid\u00e9o)"},"content":{"rendered":"<p><strong>Une journ\u00e9e pour devenir pilote &#8211; Le vol biplace est une exp\u00e9rience didactique, r\u00e9alis\u00e9e dans l&rsquo;esprit a\u00e9ronautique de la \u00ab\u00a0journ\u00e9e d\u00e9couverte\u00a0\u00bb et est une le\u00e7on pratique de parapente r\u00e9alis\u00e9e en compagnie d&rsquo;un moniteur.<\/strong> UonAir fournit tout le mat\u00e9riel n\u00e9cessaire pour r\u00e9aliser les bapt\u00eames de vol. Le prix de la le\u00e7on \u00ab\u00a0bapt\u00eame de vol\u00a0\u00bb est inclus dans le prix total du cours de pilotage.<br \/>\nIl est recommand\u00e9 \u00e0 tous les el\u00e9ves de porter des v\u00eatements chauds et confortables et des chaussures de montagne ou similaires.<\/p>\n<p>Lors du briefing, pendant le vol et lors du d\u00e9briefing, des concepts th\u00e9oriques et pratiques sont transmis au passager, qui peut ainsi savoir s&rsquo;il a l&rsquo;esprit a\u00e9rien. L&rsquo;enregistrement vid\u00e9o permet un examen d\u00e9taill\u00e9 du vol. A l&rsquo;issue du vol, l&rsquo;\u00e9l\u00e8ve re\u00e7oit un certificat attestant de la premi\u00e8re le\u00e7on pratique.<\/p>\n<p>UonAir fournit tout le mat\u00e9riel n\u00e9cessaire pour r\u00e9aliser les bapt\u00eames de vol.<br \/>\nIl est recommand\u00e9 \u00e0 tous les participants de porter des v\u00eatements chauds et confortables et des chaussures de montagne ou similaires.<\/p>\n<ul>\n<li>Horaires : \u00e0 convenir<\/li>\n<li>Au jour de l&rsquo;exp\u00e9rience, apportez : des v\u00eatements adapt\u00e9s aux activit\u00e9s de l\u00b4air et aux conditions m\u00e9t\u00e9orologiques, des v\u00eatements chauds, des chaussures de montagne ou des baskets.<\/li>\n<li>Le programme est soumis \u00e0 r\u00e9servation et \u00e0 disponibilit\u00e9<\/li>\n<li>La r\u00e9alisation de l&rsquo;exp\u00e9rience peut \u00eatre soumise aux conditions m\u00e9t\u00e9orologiques.<\/li>\n<li>R\u00e9servation pr\u00e9alable 8 jours \u00e0 l&rsquo;avance<\/li>\n<li>Confirmer 2 jours \u00e0 l&rsquo;avance<\/li>\n<li>Dur\u00e9e du vol : approximation 20 minutes<\/li>\n<li>briefing d&rsquo;une dur\u00e9e approximation 10 minutes<\/li>\n<li>Assurance PA et RC incluse<\/li>\n<li>Vid\u00e9o de vol incluse <strong>(*<\/strong>)<\/li>\n<\/ul>\n<p><em><strong>L&rsquo;absence \u00e0 la date et au lieu convenus entra\u00eenera l&rsquo;annulation de ce bon sans remboursement.<\/strong><\/em><\/p>\n<p><strong>(*) &#8211; L&rsquo;enregistrement vid\u00e9o Full HD est la propri\u00e9t\u00e9 de UonAir, mais il est fourni au passager.<\/strong><\/p>\n<p>Une fois achet\u00e9s, les bons ne peuvent \u00eatre ni retourn\u00e9s ni rembours\u00e9s.<\/p>\n<p>Certains lieux de vol sont disponibles :<\/p>\n<ul>\n<li>Fonte da Telha<\/li>\n<li>Praia do Meco<\/li>\n<li>Praia das Bicas<\/li>\n<li>Santa Rita<\/li>\n<li>Praia da Gralha<\/li>\n<\/ul>\n","protected":false},"excerpt":{"rendered":"<p>Une journ\u00e9e pour devenir pilote &#8211; Le vol biplace est une exp\u00e9rience didactique, r\u00e9alis\u00e9e dans l&rsquo;esprit a\u00e9ronautique de la \u00ab\u00a0journ\u00e9e d\u00e9couverte\u00a0\u00bb et est une le\u00e7on pratique de parapente r\u00e9alis\u00e9e en compagnie d&rsquo;un moniteur. UonAir fournit tout le mat\u00e9riel n\u00e9cessaire pour r\u00e9aliser les bapt\u00eames de vol. Le prix de la le\u00e7on \u00ab\u00a0bapt\u00eame de vol\u00a0\u00bb est inclus [&hellip;]<\/p>\n","protected":false},"featured_media":600,"comment_status":"open","ping_status":"closed","template":"","meta":{"_monsterinsights_skip_tracking":false,"_monsterinsights_sitenote_active":false,"_monsterinsights_sitenote_note":"","_monsterinsights_sitenote_category":0},"product_brand":[],"product_cat":[49,50,48],"product_tag":[],"class_list":{"0":"post-196","1":"product","2":"type-product","3":"status-publish","4":"has-post-thumbnail","6":"product_cat-bons","7":"product_cat-bon","8":"product_cat-parapente-fr","10":"first","11":"instock","12":"downloadable","13":"virtual","14":"purchasable","15":"product-type-simple"},"aioseo_notices":[],"_links":{"self":[{"href":"https:\/\/uonair.pt\/fr\/wp-json\/wp\/v2\/product\/196","targetHints":{"allow":["GET"]}}],"collection":[{"href":"https:\/\/uonair.pt\/fr\/wp-json\/wp\/v2\/product"}],"about":[{"href":"https:\/\/uonair.pt\/fr\/wp-json\/wp\/v2\/types\/product"}],"replies":[{"embeddable":true,"href":"https:\/\/uonair.pt\/fr\/wp-json\/wp\/v2\/comments?post=196"}],"wp:featuredmedia":[{"embeddable":true,"href":"https:\/\/uonair.pt\/fr\/wp-json\/wp\/v2\/media\/600"}],"wp:attachment":[{"href":"https:\/\/uonair.pt\/fr\/wp-json\/wp\/v2\/media?parent=196"}],"wp:term":[{"taxonomy":"product_brand","embeddable":true,"href":"https:\/\/uonair.pt\/fr\/wp-json\/wp\/v2\/product_brand?post=196"},{"taxonomy":"product_cat","embeddable":true,"href":"https:\/\/uonair.pt\/fr\/wp-json\/wp\/v2\/product_cat?post=196"},{"taxonomy":"product_tag","embeddable":true,"href":"https:\/\/uonair.pt\/fr\/wp-json\/wp\/v2\/product_tag?post=196"}],"curies":[{"name":"wp","href":"https:\/\/api.w.org\/{rel}","templated":true}]}}