{"id":199,"date":"2023-07-27T10:17:06","date_gmt":"2023-07-27T09:17:06","guid":{"rendered":"https:\/\/new.uonair.pt\/loja\/non%20class\u00e9\/individuel-initiation-lecon-salle-de-classe\/"},"modified":"2024-03-10T20:33:14","modified_gmt":"2024-03-10T20:33:14","slug":"individuel-initiation-lecon-salle-de-classe","status":"publish","type":"product","link":"https:\/\/uonair.pt\/fr\/loja\/parapente-fr\/cours\/individuel-initiation-lecon-salle-de-classe\/","title":{"rendered":"Le\u00e7on individuel &#8211; Cours pour d\u00e9butants"},"content":{"rendered":"<p>Le cours d&rsquo;introduction pr\u00e9sente les aspects pratiques et th\u00e9oriques au futur pilote qui souhaite acqu\u00e9rir des connaissances par le biais d&rsquo;un programme de capitalisation. Ce cours ne conf\u00e8re pas de licence de pilote, mais peut \u00eatre utilis\u00e9 par les \u00e9tudiants qui souhaitent ensuite passer le cours de pilote de niveau 1. Chaque le\u00e7on est achet\u00e9e individuellement et capitalisable.<\/p>\n<p>UonAir &#8211; \u00c9cole de parapente &#8211; dispense ce cours, \u00e9tant d\u00fbment qualifi\u00e9e \u00e0 cet effet, et fournit tout l&rsquo;\u00e9quipement n\u00e9cessaire pendant le cours.<\/p>\n<p><strong>* Sous r\u00e9serve de modifications.<\/strong><\/p>\n<p>Pour plus d&rsquo;informations, contactez-nous par e-mail : <a href=\"mailto:geral@uonair.pt\">geral@uonair.pt<\/a> ou par t\u00e9l\u00e9phone +351 926760172.<\/p>\n","protected":false},"excerpt":{"rendered":"<p>Cours d&rsquo;initiation au parapente. Le\u00e7ons individuels capitalisables.\u00a0 Il ne conf\u00e8re pas de licence de pilote.<\/p>\n","protected":false},"featured_media":417,"comment_status":"open","ping_status":"closed","template":"","meta":{"_monsterinsights_skip_tracking":false,"_monsterinsights_sitenote_active":false,"_monsterinsights_sitenote_note":"","_monsterinsights_sitenote_category":0},"product_brand":[],"product_cat":[52,48],"product_tag":[],"class_list":{"0":"post-199","1":"product","2":"type-product","3":"status-publish","4":"has-post-thumbnail","6":"product_cat-cours","7":"product_cat-parapente-fr","9":"first","10":"instock","11":"virtual","12":"purchasable","13":"product-type-simple"},"aioseo_notices":[],"_links":{"self":[{"href":"https:\/\/uonair.pt\/fr\/wp-json\/wp\/v2\/product\/199","targetHints":{"allow":["GET"]}}],"collection":[{"href":"https:\/\/uonair.pt\/fr\/wp-json\/wp\/v2\/product"}],"about":[{"href":"https:\/\/uonair.pt\/fr\/wp-json\/wp\/v2\/types\/product"}],"replies":[{"embeddable":true,"href":"https:\/\/uonair.pt\/fr\/wp-json\/wp\/v2\/comments?post=199"}],"wp:featuredmedia":[{"embeddable":true,"href":"https:\/\/uonair.pt\/fr\/wp-json\/wp\/v2\/media\/417"}],"wp:attachment":[{"href":"https:\/\/uonair.pt\/fr\/wp-json\/wp\/v2\/media?parent=199"}],"wp:term":[{"taxonomy":"product_brand","embeddable":true,"href":"https:\/\/uonair.pt\/fr\/wp-json\/wp\/v2\/product_brand?post=199"},{"taxonomy":"product_cat","embeddable":true,"href":"https:\/\/uonair.pt\/fr\/wp-json\/wp\/v2\/product_cat?post=199"},{"taxonomy":"product_tag","embeddable":true,"href":"https:\/\/uonair.pt\/fr\/wp-json\/wp\/v2\/product_tag?post=199"}],"curies":[{"name":"wp","href":"https:\/\/api.w.org\/{rel}","templated":true}]}}