{"id":203,"date":"2023-07-27T10:19:17","date_gmt":"2023-07-27T09:19:17","guid":{"rendered":"https:\/\/new.uonair.pt\/loja\/non%20class\u00e9\/cours-pour-debutants\/"},"modified":"2023-08-03T22:17:28","modified_gmt":"2023-08-03T21:17:28","slug":"cours-pour-debutants","status":"publish","type":"product","link":"https:\/\/uonair.pt\/fr\/loja\/parapente-fr\/cours\/cours-pour-debutants\/","title":{"rendered":"Cours d&rsquo;initiation"},"content":{"rendered":"<h4>Le cours d&rsquo;initiation sert d&rsquo;introduction au parapente. Il ne conf\u00e8re pas n\u00e9cessairement une licence de pilote.<strong><br \/>\n<\/strong><\/h4>\n<h5>Ce cours consiste en des le\u00e7ons individuelles ad hoc<\/h5>\n<h5>&#8211; Typologie et objectifs (*)<\/h5>\n<figure id=\"attachment_12866\" class=\"wp-caption alignright\" aria-describedby=\"caption-attachment-12866\"><figcaption id=\"caption-attachment-12866\" class=\"wp-caption-text\"><\/figcaption><\/figure>\n<figure id=\"attachment_12399\" class=\"wp-caption alignright\" aria-describedby=\"caption-attachment-12399\"><picture><source srcset=\"https:\/\/www.uonair.pt\/wp-content\/uploads\/2022\/07\/IMG_20220130_152803-300x225.jpg.webp 300w, https:\/\/www.uonair.pt\/wp-content\/uploads\/2022\/07\/IMG_20220130_152803-1024x768.jpg.webp 1024w, https:\/\/www.uonair.pt\/wp-content\/uploads\/2022\/07\/IMG_20220130_152803-768x576.jpg.webp 768w, https:\/\/www.uonair.pt\/wp-content\/uploads\/2022\/07\/IMG_20220130_152803-1536x1152.jpg.webp 1536w, https:\/\/www.uonair.pt\/wp-content\/uploads\/2022\/07\/IMG_20220130_152803-2048x1536.jpg.webp 2048w, https:\/\/www.uonair.pt\/wp-content\/uploads\/2022\/07\/IMG_20220130_152803-16x12.jpg.webp 16w, https:\/\/www.uonair.pt\/wp-content\/uploads\/2022\/07\/IMG_20220130_152803-500x375.jpg.webp 500w, https:\/\/www.uonair.pt\/wp-content\/uploads\/2022\/07\/IMG_20220130_152803-scaled.jpg.webp 1920w\" type=\"image\/webp\" sizes=\"300px\" data-srcset=\"https:\/\/www.uonair.pt\/wp-content\/uploads\/2022\/07\/IMG_20220130_152803-300x225.jpg.webp 300w, https:\/\/www.uonair.pt\/wp-content\/uploads\/2022\/07\/IMG_20220130_152803-1024x768.jpg.webp 1024w, https:\/\/www.uonair.pt\/wp-content\/uploads\/2022\/07\/IMG_20220130_152803-768x576.jpg.webp 768w, https:\/\/www.uonair.pt\/wp-content\/uploads\/2022\/07\/IMG_20220130_152803-1536x1152.jpg.webp 1536w, https:\/\/www.uonair.pt\/wp-content\/uploads\/2022\/07\/IMG_20220130_152803-2048x1536.jpg.webp 2048w, https:\/\/www.uonair.pt\/wp-content\/uploads\/2022\/07\/IMG_20220130_152803-16x12.jpg.webp 16w, https:\/\/www.uonair.pt\/wp-content\/uploads\/2022\/07\/IMG_20220130_152803-500x375.jpg.webp 500w, https:\/\/www.uonair.pt\/wp-content\/uploads\/2022\/07\/IMG_20220130_152803-scaled.jpg.webp 1920w\"><\/source><\/picture><\/figure>\n<p>Partie pratique : Objectifs<\/p>\n<p>Convient aux futurs \u00e9tudiants qui disposent de peu de temps mais qui souhaitent une introduction plus approfondie \u00e0 la modalit\u00e9.<\/p>\n<p>L&rsquo;\u00e9leve peut acqu\u00e9rir des le\u00e7ons pratiques individuelles et investir dans son apprentissage, en capitalisant des connaissances qui pourront \u00eatre utilis\u00e9es \u00e0 l&rsquo;avenir s&rsquo;il d\u00e9cide de poursuivre sa formation.<\/p>\n<p>Si, au cours de votre apprentissage, vous avez suivi le nombre minimum de le\u00e7ons requis et avez acquis les connaissances n\u00e9cessaires dans les composantes pratiques et th\u00e9oriques, UonAir peut vous proposer un examen th\u00e9orique et, si vous le r\u00e9ussissez, vous recevrez votre licence de pilote de niveau 1.<\/p>\n<p>Pendant ces cours, vous recevez \u00e9galement une formation th\u00e9orique qui compl\u00e8te l&rsquo;apprentissage pratique.<\/p>\n<p><strong>Partie th\u00e9orique : objectifs<\/strong><\/p>\n<p><strong>Sur le plan th\u00e9orique, l&rsquo;\u00e9l\u00e8ve apprend la nomenclature du mat\u00e9riel de parapente. Acqu\u00e9rir les connaissances de base en a\u00e9rodynamique et en m\u00e9t\u00e9orologie, les r\u00e8gles de vol et le droit a\u00e9rien, et s&rsquo;initier \u00e0 la s\u00e9curit\u00e9 en parapente.<\/strong><\/p>\n<p><strong>Partie pratique : Objectifs<\/strong><\/p>\n<p><strong>Apprendre la technique du gonflage avant (alpin). Apprenez \u00e0 faire gonflage invers\u00e9e. Apprendre \u00e0 conna\u00eetre et \u00e0 ma\u00eetriser l&rsquo;aile. Apprenez \u00e0 d\u00e9coller sur un pent de l&rsquo;\u00e9cole. Apprendre \u00e0 atterrir. Effectue des vols <\/strong><strong>et des distances suffisantes pour man\u0153uvrer l&rsquo;aile. Pratiquer les comp\u00e9tences au sol.<\/strong><\/p>\n<p>&nbsp;<\/p>\n<p><strong>* Il faut avoire une assurance personnelle contre les accidents et un certificat m\u00e9dical d&rsquo;aptitude au sport. UonAir peut vous orienter vers une clinique m\u00e9dicale agr\u00e9\u00e9e pour ce type de certification.<br \/>\n<\/strong><\/p>\n<hr>\n<p><strong>Venez apprendre \u00e0 voler en toute s\u00e9curit\u00e9 et en toute confiance.<\/strong><\/p>\n<p><strong> Nous vous offrons les photos et les films de vos premi\u00e8res le\u00e7ons et de vos premiers vols pour que vous puissiez vous en souvenir plus tard !<\/strong><\/p>\n<p><strong>Quelques places de formation sont disponibles :<\/strong><\/p>\n<p>Fonte da Telha<\/p>\n<p>Praia do Meco<\/p>\n<p>Praia das Bicas<\/p>\n<p>Lagoa de Albufeira<\/p>\n<p>Serra da Arr\u00e1bida (**)<\/p>\n<p>Sesimbra (**)<\/p>\n<p>Praia de Santa Rita<\/p>\n<p>Praia da Gralha<\/p>\n<p><strong>(**) interdites pendant la saison baln\u00e9aire<\/strong><\/p>\n","protected":false},"excerpt":{"rendered":"<p>Le cours d&rsquo;initiation sert d&rsquo;introduction au parapente.<br \/>\nIl ne conf\u00e8re pas n\u00e9cessairement une licence de pilote de niveau 1.<br \/>\nIl est constitu\u00e9 de le\u00e7ons individuelles ad hoc et capitalisables. Si l&rsquo;\u00e9l\u00e8ve a suivi le nombre de le\u00e7ons et acquis les connaissances requises, il peut se voir proposer un examen th\u00e9orique, et s&rsquo;il r\u00e9ussit cet examen, il re\u00e7oit sa licence de pilote de niveau 1.<\/p>\n","protected":false},"featured_media":318,"comment_status":"open","ping_status":"closed","template":"","meta":{"_monsterinsights_skip_tracking":false,"_monsterinsights_sitenote_active":false,"_monsterinsights_sitenote_note":"","_monsterinsights_sitenote_category":0},"product_brand":[],"product_cat":[52,48],"product_tag":[],"class_list":{"0":"post-203","1":"product","2":"type-product","3":"status-publish","4":"has-post-thumbnail","6":"product_cat-cours","7":"product_cat-parapente-fr","9":"first","10":"instock","11":"purchasable","12":"product-type-simple"},"aioseo_notices":[],"_links":{"self":[{"href":"https:\/\/uonair.pt\/fr\/wp-json\/wp\/v2\/product\/203","targetHints":{"allow":["GET"]}}],"collection":[{"href":"https:\/\/uonair.pt\/fr\/wp-json\/wp\/v2\/product"}],"about":[{"href":"https:\/\/uonair.pt\/fr\/wp-json\/wp\/v2\/types\/product"}],"replies":[{"embeddable":true,"href":"https:\/\/uonair.pt\/fr\/wp-json\/wp\/v2\/comments?post=203"}],"wp:featuredmedia":[{"embeddable":true,"href":"https:\/\/uonair.pt\/fr\/wp-json\/wp\/v2\/media\/318"}],"wp:attachment":[{"href":"https:\/\/uonair.pt\/fr\/wp-json\/wp\/v2\/media?parent=203"}],"wp:term":[{"taxonomy":"product_brand","embeddable":true,"href":"https:\/\/uonair.pt\/fr\/wp-json\/wp\/v2\/product_brand?post=203"},{"taxonomy":"product_cat","embeddable":true,"href":"https:\/\/uonair.pt\/fr\/wp-json\/wp\/v2\/product_cat?post=203"},{"taxonomy":"product_tag","embeddable":true,"href":"https:\/\/uonair.pt\/fr\/wp-json\/wp\/v2\/product_tag?post=203"}],"curies":[{"name":"wp","href":"https:\/\/api.w.org\/{rel}","templated":true}]}}