{"id":206,"date":"2023-07-27T10:15:42","date_gmt":"2023-07-27T09:15:42","guid":{"rendered":"https:\/\/new.uonair.pt\/loja\/non%20class\u00e9\/pilote-tandem\/"},"modified":"2023-08-03T22:17:31","modified_gmt":"2023-08-03T21:17:31","slug":"pilote-tandem","status":"publish","type":"product","link":"https:\/\/uonair.pt\/fr\/loja\/parapente-fr\/cours\/pilote-tandem\/","title":{"rendered":"Pilote tandem"},"content":{"rendered":"<p>Selon la l\u00e9gislation nationale, la pratique du parapente avec un passager n\u00e9cessite une licence sp\u00e9cifique. Le transport de passagers requiert un niveau \u00e9lev\u00e9 d&rsquo;exp\u00e9rience de pilotage, tant en montagne qu&rsquo;en altitude, ainsi qu&rsquo;un sens aigu des responsabilit\u00e9s. La ma\u00eetrise des \u00e9quipements sp\u00e9cifiques au transport de passagers et la connaissance des facteurs psychosociaux inh\u00e9rents \u00e0 ce type de vol sont indispensables pour voler en toute s\u00e9curit\u00e9.<\/p>\n<p>La F\u00e9d\u00e9ration portugaise de vol libre (FPVL) est responsable de l&rsquo;attribution de la qualification de pilote de parapente biplace.<\/p>\n<p>L&rsquo;\u00e9cole de parapente UonAir fait partie de la FPVL et ses instructeurs sont d\u00fbment qualifi\u00e9s et reconnus par la FPVL, ayant une grande exp\u00e9rience \u00e0 la fois en tant que pilotes et instructeurs. \u00c0 l&rsquo;issue de la formation de pilote de parapente biplace, le pilote est autoris\u00e9 \u00e0 voler sur des ailes con\u00e7ues \u00e0 cet effet et peut transporter des passagers.<\/p>\n<p>UonAir fournit tout le mat\u00e9riel n\u00e9cessaire \u00e0 la r\u00e9alisation du cours de pilotage.<\/p>\n<p>Certains lieux de vol sont disponibles :<\/p>\n<ul>\n<li>Fonte da Telha<\/li>\n<li>Praia do Meco<\/li>\n<li>Praia das Bicas<\/li>\n<li>Sesimbra<\/li>\n<li>Santa Rita<\/li>\n<li>Serra da Arr\u00e1bida<\/li>\n<li>Castelo de Vide<\/li>\n<li>Serra da Estrela<\/li>\n<\/ul>\n","protected":false},"excerpt":{"rendered":"<p>Selon la l\u00e9gislation nationale, la pratique du parapente avec un passager n\u00e9cessite une licence sp\u00e9cifique. Le transport de passagers requiert un niveau \u00e9lev\u00e9 d&rsquo;exp\u00e9rience de pilotage, tant en montagne qu&rsquo;en altitude, ainsi qu&rsquo;un sens aigu des responsabilit\u00e9s. La ma\u00eetrise des \u00e9quipements sp\u00e9cifiques au transport de passagers et la connaissance des facteurs psychosociaux inh\u00e9rents \u00e0 ce [&hellip;]<\/p>\n","protected":false},"featured_media":445,"comment_status":"open","ping_status":"closed","template":"","meta":{"_monsterinsights_skip_tracking":false,"_monsterinsights_sitenote_active":false,"_monsterinsights_sitenote_note":"","_monsterinsights_sitenote_category":0},"product_brand":[],"product_cat":[52,48],"product_tag":[],"class_list":{"0":"post-206","1":"product","2":"type-product","3":"status-publish","4":"has-post-thumbnail","6":"product_cat-cours","7":"product_cat-parapente-fr","9":"first","10":"instock","11":"purchasable","12":"product-type-simple"},"aioseo_notices":[],"_links":{"self":[{"href":"https:\/\/uonair.pt\/fr\/wp-json\/wp\/v2\/product\/206","targetHints":{"allow":["GET"]}}],"collection":[{"href":"https:\/\/uonair.pt\/fr\/wp-json\/wp\/v2\/product"}],"about":[{"href":"https:\/\/uonair.pt\/fr\/wp-json\/wp\/v2\/types\/product"}],"replies":[{"embeddable":true,"href":"https:\/\/uonair.pt\/fr\/wp-json\/wp\/v2\/comments?post=206"}],"wp:featuredmedia":[{"embeddable":true,"href":"https:\/\/uonair.pt\/fr\/wp-json\/wp\/v2\/media\/445"}],"wp:attachment":[{"href":"https:\/\/uonair.pt\/fr\/wp-json\/wp\/v2\/media?parent=206"}],"wp:term":[{"taxonomy":"product_brand","embeddable":true,"href":"https:\/\/uonair.pt\/fr\/wp-json\/wp\/v2\/product_brand?post=206"},{"taxonomy":"product_cat","embeddable":true,"href":"https:\/\/uonair.pt\/fr\/wp-json\/wp\/v2\/product_cat?post=206"},{"taxonomy":"product_tag","embeddable":true,"href":"https:\/\/uonair.pt\/fr\/wp-json\/wp\/v2\/product_tag?post=206"}],"curies":[{"name":"wp","href":"https:\/\/api.w.org\/{rel}","templated":true}]}}