{"id":209,"date":"2023-07-27T10:08:14","date_gmt":"2023-07-27T09:08:14","guid":{"rendered":"https:\/\/new.uonair.pt\/loja\/non%20class\u00e9\/pilote-de-niveau-i\/"},"modified":"2023-08-03T22:17:29","modified_gmt":"2023-08-03T21:17:29","slug":"pilote-de-niveau-i","status":"publish","type":"product","link":"https:\/\/uonair.pt\/fr\/loja\/parapente-fr\/cours\/pilote-de-niveau-i\/","title":{"rendered":"Pilote de niveau I"},"content":{"rendered":"<p>Selon la l\u00e9gislation nationale, le vol libre en parapente n\u00e9cessite une licence sp\u00e9cifique.<\/p>\n<p>L&rsquo;attribution d&rsquo;une licence de pilote de parapente rel\u00e8ve de la responsabilit\u00e9 de la F\u00e9d\u00e9ration portugaise de vol libre (FPVL) par d\u00e9l\u00e9gation de l&rsquo;Autorit\u00e9 nationale de l&rsquo;aviation civile (ANAC) et de l&rsquo;Institut portugais du sport et de la jeunesse (IPDJ).<\/p>\n<p>L&rsquo;\u00e9cole de parapente UonAir fait partie de la FPVL et ses instructeurs sont d\u00fbment qualifi\u00e9s et reconnus par la FPVL, ayant une grande exp\u00e9rience \u00e0 la fois en tant que pilotes et instructeurs.<\/p>\n<p>En tant qu&rsquo;\u00e9l\u00e8ve et en tant que pilote, vous devez avoir une assurance sportive. UonAir, en collaboration avec la F\u00e9d\u00e9ration portugaise de vol libre, a conclu un protocole avec une compagnie d&rsquo;assurance qui garantit cette exigence.<\/p>\n<p>Le parapente au Portugal est divis\u00e9 en deux niveaux, mais seul le niveau 1 est obligatoire. A l&rsquo;issue du premier niveau, le pilote est qualifi\u00e9 pour voler en parapente. La deuxi\u00e8me \u00e9tape est consid\u00e9r\u00e9e comme une \u00e9tape de perfectionnement et n&rsquo;est pas obligatoire. Elle permet au pilote d&rsquo;entreprendre des vols avanc\u00e9s en montagne (vols thermiques et vols de distance).<\/p>\n<p>UonAir &#8211; \u00c9cole de parapente &#8211; fournit tout le mat\u00e9riel n\u00e9cessaire pour effectuer le cours de pilote de niveau I.<\/p>\n<p>* Nous vous offrons les photos et les films de vos premi\u00e8res le\u00e7ons et de vos premiers vols pour que vous puissiez vous en souvenir plus tard !<\/p>\n<p>Certains lieux de vol sont disponibles :<\/p>\n<ul>\n<li> Fonte da Telha<br \/>\nPraia do Meco<br \/>\nPraia das Bicas<br \/>\nSesimbra<br \/>\nSanta Rita<br \/>\nSerra da Arr\u00e1bida<br \/>\nCastelo de Vide<br \/>\nSerra da Estrela<\/li>\n<\/ul>\n","protected":false},"excerpt":{"rendered":"<p>Le cours de pilotage de niveau I permet au pilote de voler en ascension orographique, \u00e0 proximit\u00e9 d&rsquo;une dune, d&rsquo;une falaise ou d&rsquo;une pente de colline.<\/p>\n<p>Avec seulement 15 le\u00e7ons pratiques et 6 le\u00e7ons th\u00e9oriques, tout le monde peut voler en parapente.<\/p>\n<p>UonAir &#8211; \u00c9cole de parapente &#8211; dispense ce cours, \u00e9tant d\u00fbment qualifi\u00e9e \u00e0 cet effet, et fournit tout l&rsquo;\u00e9quipement n\u00e9cessaire pendant le cours.<br \/>\n* Sous r\u00e9serve de modifications.<\/p>\n","protected":false},"featured_media":448,"comment_status":"open","ping_status":"closed","template":"","meta":{"_monsterinsights_skip_tracking":false,"_monsterinsights_sitenote_active":false,"_monsterinsights_sitenote_note":"","_monsterinsights_sitenote_category":0},"product_brand":[],"product_cat":[52,48],"product_tag":[],"class_list":{"0":"post-209","1":"product","2":"type-product","3":"status-publish","4":"has-post-thumbnail","6":"product_cat-cours","7":"product_cat-parapente-fr","9":"first","10":"instock","11":"virtual","12":"purchasable","13":"product-type-simple"},"aioseo_notices":[],"_links":{"self":[{"href":"https:\/\/uonair.pt\/fr\/wp-json\/wp\/v2\/product\/209","targetHints":{"allow":["GET"]}}],"collection":[{"href":"https:\/\/uonair.pt\/fr\/wp-json\/wp\/v2\/product"}],"about":[{"href":"https:\/\/uonair.pt\/fr\/wp-json\/wp\/v2\/types\/product"}],"replies":[{"embeddable":true,"href":"https:\/\/uonair.pt\/fr\/wp-json\/wp\/v2\/comments?post=209"}],"wp:featuredmedia":[{"embeddable":true,"href":"https:\/\/uonair.pt\/fr\/wp-json\/wp\/v2\/media\/448"}],"wp:attachment":[{"href":"https:\/\/uonair.pt\/fr\/wp-json\/wp\/v2\/media?parent=209"}],"wp:term":[{"taxonomy":"product_brand","embeddable":true,"href":"https:\/\/uonair.pt\/fr\/wp-json\/wp\/v2\/product_brand?post=209"},{"taxonomy":"product_cat","embeddable":true,"href":"https:\/\/uonair.pt\/fr\/wp-json\/wp\/v2\/product_cat?post=209"},{"taxonomy":"product_tag","embeddable":true,"href":"https:\/\/uonair.pt\/fr\/wp-json\/wp\/v2\/product_tag?post=209"}],"curies":[{"name":"wp","href":"https:\/\/api.w.org\/{rel}","templated":true}]}}