{"id":214,"date":"2023-07-27T10:13:59","date_gmt":"2023-07-27T09:13:59","guid":{"rendered":"https:\/\/new.uonair.pt\/loja\/non%20class\u00e9\/niveau-ii-pilot-course\/"},"modified":"2023-08-05T16:27:34","modified_gmt":"2023-08-05T15:27:34","slug":"niveau-ii-pilot-course","status":"publish","type":"product","link":"https:\/\/uonair.pt\/fr\/loja\/parapente-fr\/cours\/niveau-ii-pilot-course\/","title":{"rendered":"Cours de pilote de niveau II"},"content":{"rendered":"<p>Le vol libre en thermique et en distance (XC) est consid\u00e9r\u00e9 comme une am\u00e9lioration pour ceux qui veulent faire du vol de montagne avanc\u00e9, et n&rsquo;est pas obligatoire. Le vol en parapente avanc\u00e9 implique l&rsquo;obtention d&rsquo;une licence sp\u00e9cifique.<\/p>\n<p>La d\u00e9livrance de la licence de pilote de parapente de niveau 2 rel\u00e8ve de la responsabilit\u00e9 de la F\u00e9d\u00e9ration portugaise de vol libre (FPVL) par d\u00e9l\u00e9gation de l&rsquo;Autorit\u00e9 nationale de l&rsquo;aviation civile (ANAC).<\/p>\n<p>L&rsquo;\u00e9cole de parapente UoAir fait partie de la FPVL et ses instructeurs sont d\u00fbment qualifi\u00e9s et reconnus par la FPVL. Ils ont une grande exp\u00e9rience du vol en montagne, \u00e0 la fois en tant que pilotes et instructeurs, avec de nombreux cours dispens\u00e9s dans diff\u00e9rents endroits, \u00e0 la fois dans le pays et \u00e0 l&rsquo;\u00e9tranger.<\/p>\n<p>UonAir &#8211; \u00c9cole de parapente &#8211; assure toute la formation th\u00e9orique. L&rsquo;\u00e9quipement requis pour le stage de pilotage de niveau II rel\u00e8ve de la responsabilit\u00e9 du pilote de niveau I et doit comprendre un parachute de secours.<\/p>\n<p>Certains lieux de vol sont disponibles :<\/p>\n<ul>\n<li>Serra da Arr\u00e1bida<\/li>\n<li>Castelo de Vide<\/li>\n<li>Serra da Estrela<\/li>\n<li>Piedrahita<\/li>\n<li>Pedro Bernardo<\/li>\n<li>Algodonales<\/li>\n<li>Serra do Larouco<\/li>\n<\/ul>\n","protected":false},"excerpt":{"rendered":"<p>Le vol libre en thermique et en distance (XC) est consid\u00e9r\u00e9 comme une am\u00e9lioration pour ceux qui veulent faire du vol de montagne avanc\u00e9, et n&rsquo;est pas obligatoire. Le vol en parapente avanc\u00e9 implique l&rsquo;obtention d&rsquo;une licence sp\u00e9cifique. La d\u00e9livrance de la licence de pilote de parapente de niveau 2 rel\u00e8ve de la responsabilit\u00e9 de [&hellip;]<\/p>\n","protected":false},"featured_media":454,"comment_status":"open","ping_status":"closed","template":"","meta":{"_monsterinsights_skip_tracking":false,"_monsterinsights_sitenote_active":false,"_monsterinsights_sitenote_note":"","_monsterinsights_sitenote_category":0},"product_brand":[],"product_cat":[52,48],"product_tag":[],"class_list":{"0":"post-214","1":"product","2":"type-product","3":"status-publish","4":"has-post-thumbnail","6":"product_cat-cours","7":"product_cat-parapente-fr","9":"first","10":"instock","11":"sale","12":"virtual","13":"purchasable","14":"product-type-simple"},"aioseo_notices":[],"_links":{"self":[{"href":"https:\/\/uonair.pt\/fr\/wp-json\/wp\/v2\/product\/214","targetHints":{"allow":["GET"]}}],"collection":[{"href":"https:\/\/uonair.pt\/fr\/wp-json\/wp\/v2\/product"}],"about":[{"href":"https:\/\/uonair.pt\/fr\/wp-json\/wp\/v2\/types\/product"}],"replies":[{"embeddable":true,"href":"https:\/\/uonair.pt\/fr\/wp-json\/wp\/v2\/comments?post=214"}],"wp:featuredmedia":[{"embeddable":true,"href":"https:\/\/uonair.pt\/fr\/wp-json\/wp\/v2\/media\/454"}],"wp:attachment":[{"href":"https:\/\/uonair.pt\/fr\/wp-json\/wp\/v2\/media?parent=214"}],"wp:term":[{"taxonomy":"product_brand","embeddable":true,"href":"https:\/\/uonair.pt\/fr\/wp-json\/wp\/v2\/product_brand?post=214"},{"taxonomy":"product_cat","embeddable":true,"href":"https:\/\/uonair.pt\/fr\/wp-json\/wp\/v2\/product_cat?post=214"},{"taxonomy":"product_tag","embeddable":true,"href":"https:\/\/uonair.pt\/fr\/wp-json\/wp\/v2\/product_tag?post=214"}],"curies":[{"name":"wp","href":"https:\/\/api.w.org\/{rel}","templated":true}]}}