{"id":222,"date":"2023-07-28T14:11:08","date_gmt":"2023-07-28T13:11:08","guid":{"rendered":"https:\/\/new.uonair.pt\/loja\/non%20class\u00e9\/voucher-baptismo-de-voo-inclui-fotografias\/"},"modified":"2026-01-01T20:04:58","modified_gmt":"2026-01-01T20:04:58","slug":"voucher-baptismo-de-voo-inclui-fotografias","status":"publish","type":"product","link":"https:\/\/uonair.pt\/fr\/loja\/parapente-fr\/bons\/voucher-baptismo-de-voo-inclui-fotografias\/","title":{"rendered":"Bon pour un vol de bapt\u00eame (avec photos)"},"content":{"rendered":"<p>Une journ\u00e9e pour devenir pilote &#8211; Le vol biplace est une exp\u00e9rience didactique, r\u00e9alis\u00e9e dans l&rsquo;esprit a\u00e9ronautique de la \u00ab\u00a0journ\u00e9e d\u00e9couverte\u00a0\u00bb et est une le\u00e7on pratique de parapente r\u00e9alis\u00e9e en compagnie d&rsquo;un moniteur accr\u00e9dit\u00e9. UonAir fournit tout le mat\u00e9riel n\u00e9cessaire pour r\u00e9aliser les bapt\u00eames de l&rsquo;air. Le prix de la le\u00e7on \u00ab\u00a0bapt\u00eame de l&rsquo;air\u00a0\u00bb est inclus dans le prix total du cours de pilotage.<br \/>\nIl est recommand\u00e9 \u00e0 tous les \u00e9tudiants de porter des v\u00eatements chauds et confortables et des chaussures de montagne ou similaires.<\/p>\n<p>Lors du briefing, pendant le vol et lors du d\u00e9briefing, des concepts th\u00e9oriques et pratiques sont transmis au passager, qui peut ainsi savoir s&rsquo;il a l&rsquo;esprit a\u00e9rien. A l&rsquo;issue du vol, l&rsquo;\u00e9l\u00e8ve re\u00e7oit un certificat attestant de la premi\u00e8re le\u00e7on pratique.<\/p>\n<p>Horaires : \u00e0 convenir<br \/>\nAu jour de l&rsquo;exp\u00e9rience, apportez : des v\u00eatements adapt\u00e9s aux activit\u00e9s de l\u00b4air et aux conditions m\u00e9t\u00e9orologiques, des v\u00eatements chauds, des chaussures de montagne ou des baskets.<br \/>\nLe programme est soumis \u00e0 r\u00e9servation et \u00e0 disponibilit\u00e9<br \/>\nLa r\u00e9alisation de l&rsquo;exp\u00e9rience peut \u00eatre soumise aux conditions m\u00e9t\u00e9orologiques.<br \/>\nR\u00e9servation pr\u00e9alable 8 jours \u00e0 l&rsquo;avance<br \/>\nConfirmer 2 jours \u00e0 l&rsquo;avance<br \/>\nLe fait de ne pas se pr\u00e9senter au lieu, \u00e0 la date et \u00e0 l&rsquo;heure convenus annule ce bon sans droit \u00e0 un remboursement.<br \/>\nDur\u00e9e du vol : environ 20 minutes<br \/>\nbriefing d&rsquo;une dur\u00e9e d&rsquo;environ 10 minutes<br \/>\nAssurance AP incluse<br \/>\nOffre de photos du vol (*)<br \/>\nL&rsquo;absence \u00e0 la date et au lieu convenus entra\u00eenera l&rsquo;annulation de ce bon sans remboursement.<\/p>\n<p>Certains lieux de vol sont disponibles :<\/p>\n<p>Fonte da Telha<br \/>\nPraia do Meco<br \/>\nPraia das Bicas<br \/>\nSanta Rita<br \/>\nPraia da Gralha<\/p>\n<p>(*) as fotos s\u00e3o propriedade da UonAir mas podem ser facultadas ao passageiro<\/p>\n<p>Une fois achet\u00e9s, les bons ne peuvent \u00eatre ni retourn\u00e9s ni rembours\u00e9s.<\/p>\n","protected":false},"excerpt":{"rendered":"<p>Une journ\u00e9e pour devenir pilote &#8211; Le vol biplace est une exp\u00e9rience didactique, r\u00e9alis\u00e9e dans l&rsquo;esprit a\u00e9ronautique de la \u00ab\u00a0journ\u00e9e d\u00e9couverte\u00a0\u00bb et est une le\u00e7on pratique de parapente r\u00e9alis\u00e9e en compagnie d&rsquo;un moniteur accr\u00e9dit\u00e9. UonAir fournit tout le mat\u00e9riel n\u00e9cessaire pour r\u00e9aliser les bapt\u00eames de l&rsquo;air. Le prix de la le\u00e7on \u00ab\u00a0bapt\u00eame de l&rsquo;air\u00a0\u00bb est [&hellip;]<\/p>\n","protected":false},"featured_media":423,"comment_status":"open","ping_status":"closed","template":"","meta":{"_monsterinsights_skip_tracking":false,"_monsterinsights_sitenote_active":false,"_monsterinsights_sitenote_note":"","_monsterinsights_sitenote_category":0},"product_brand":[],"product_cat":[49,50,48],"product_tag":[],"class_list":{"0":"post-222","1":"product","2":"type-product","3":"status-publish","4":"has-post-thumbnail","6":"product_cat-bons","7":"product_cat-bon","8":"product_cat-parapente-fr","10":"first","11":"instock","12":"downloadable","13":"virtual","14":"purchasable","15":"product-type-simple"},"aioseo_notices":[],"_links":{"self":[{"href":"https:\/\/uonair.pt\/fr\/wp-json\/wp\/v2\/product\/222","targetHints":{"allow":["GET"]}}],"collection":[{"href":"https:\/\/uonair.pt\/fr\/wp-json\/wp\/v2\/product"}],"about":[{"href":"https:\/\/uonair.pt\/fr\/wp-json\/wp\/v2\/types\/product"}],"replies":[{"embeddable":true,"href":"https:\/\/uonair.pt\/fr\/wp-json\/wp\/v2\/comments?post=222"}],"wp:featuredmedia":[{"embeddable":true,"href":"https:\/\/uonair.pt\/fr\/wp-json\/wp\/v2\/media\/423"}],"wp:attachment":[{"href":"https:\/\/uonair.pt\/fr\/wp-json\/wp\/v2\/media?parent=222"}],"wp:term":[{"taxonomy":"product_brand","embeddable":true,"href":"https:\/\/uonair.pt\/fr\/wp-json\/wp\/v2\/product_brand?post=222"},{"taxonomy":"product_cat","embeddable":true,"href":"https:\/\/uonair.pt\/fr\/wp-json\/wp\/v2\/product_cat?post=222"},{"taxonomy":"product_tag","embeddable":true,"href":"https:\/\/uonair.pt\/fr\/wp-json\/wp\/v2\/product_tag?post=222"}],"curies":[{"name":"wp","href":"https:\/\/api.w.org\/{rel}","templated":true}]}}